{"id":13,"date":"2020-08-20T00:43:19","date_gmt":"2020-08-19T22:43:19","guid":{"rendered":"http:\/\/nostringsorchestra.cz\/?page_id=13"},"modified":"2025-03-31T18:09:37","modified_gmt":"2025-03-31T16:09:37","slug":"o-nas","status":"publish","type":"page","link":"https:\/\/nostringsorchestra.cz\/en\/o-nas\/","title":{"rendered":"About Us"},"content":{"rendered":"<h3 class=\"has-text-align-left has-black-color has-text-color wp-block-heading\">Meet us<\/h3>\n\n\n\n<div style=\"height:10px\" aria-hidden=\"true\" class=\"wp-block-spacer\"><\/div>\n\n\n\n<p class=\"has-black-color has-text-color\">We are <strong>No Strings Orchestra<\/strong>, one of the most successful bands to arise within elementary shools of art in&nbsp;<strong>the Czech Republic<\/strong>.<\/p>\n\n\n\n<p class=\"has-black-color has-text-color\">The name gives a hint about the roster of the orchestra. No Strings stands for <strong>no strings<\/strong>. Therefore, looking at us, you can't stumble on a fiddlestick or a string.<\/p>\n\n\n\n<p class=\"has-black-color has-text-color\">When it comes to our repertoire, it really is miscellaneous. We play variety of pop music, musicals, movie soundtracks, and even classical music. Furthermore, we can pull some Oompah music too. Our performances have cheered many listeners. We believe you will enjoy them as well!<\/p>\n\n\n\n<p class=\"has-black-color has-text-color\">Our roster consists mainly of pupils and graduates of <strong>ZU\u0160 Havl\u00ed\u010dkova 925, Pardubice<\/strong>. The school itself creates a hinterland and continuingly fills gaps in our roster with young talented kids. You can meet us in Pardubice, where most of our performances take place. Contrary to that, it's no exception that we perform at other places too.<\/p>\n\n\n\n<div style=\"height:10px\" aria-hidden=\"true\" class=\"wp-block-spacer\"><\/div>\n\n\n\n<hr class=\"wp-block-separator is-style-default\"\/>\n\n\n\n<h3 class=\"has-text-align-left has-black-color has-text-color wp-block-heading\">A little bit of history<\/h3>\n\n\n\n<div style=\"height:10px\" aria-hidden=\"true\" class=\"wp-block-spacer\"><\/div>\n\n\n\n<p class=\"has-black-color has-text-color\">The orchestra has been established in <strong>1960<\/strong>, however it has been through changes. One of them being a creation of the NSO association, whose president was one of our trumpet players, Jan Rieger. Alongside with conductor Martin Maroul they made sure that pupils can keep on playing in the orchestra even after graduating if they actually want to. This all led to the look of No Strings Orchestra as we know it today.<\/p>\n\n\n\n<p class=\"has-black-color has-text-color\">In the course of following years, No Strings Orchestra performed at local festivals and other events. The NSO regularly attends and plays at city autumn celebrations, pulls concerts for high schools (Sv\u00edt\u00e1n\u00ed) and many other. The NSO oftentimes invites another orchestra from nearby to perform with them. Such performances are always appreciated by listeners. In the past, the NSO played at music festival Fi\u0161er\u016fv Byd\u017eov, urban festival Zrcadlo um\u011bn\u00ed in Pardubice, or performed at international festival of music and folklore, which took place in polish city Leszno.<\/p>\n\n\n\n<div style=\"height:10px\" aria-hidden=\"true\" class=\"wp-block-spacer\"><\/div>\n\n\n\n<hr class=\"wp-block-separator is-style-wide\"\/>\n\n\n\n<h3 class=\"has-text-align-left has-black-color has-text-color wp-block-heading\">Partners in crime<\/h3>\n\n\n\n<div style=\"height:31px\" aria-hidden=\"true\" class=\"wp-block-spacer\"><\/div>\n\n\n\n<div class=\"wp-block-group\"><div class=\"wp-block-group__inner-container is-layout-flow wp-block-group-is-layout-flow\">\n<div class=\"wp-block-columns is-layout-flex wp-container-core-columns-is-layout-9d6595d7 wp-block-columns-is-layout-flex\">\n<div class=\"wp-block-column is-vertically-aligned-center is-layout-flow wp-block-column-is-layout-flow\" style=\"flex-basis:34%\">\n<div class=\"wp-block-image\"><figure class=\"aligncenter size-large is-resized\"><a href=\"https:\/\/www.zushavlickovapardubice.cz\/\" target=\"_blank\" rel=\"noopener noreferrer\"><img loading=\"lazy\" decoding=\"async\" src=\"https:\/\/nostringsorchestra.cz\/content\/uploads\/media\/zus_havlickova_logo-1024x598.png\" alt=\"\" class=\"wp-image-3880\" width=\"256\" height=\"150\"\/><\/a><\/figure><\/div>\n<\/div>\n\n\n\n<div class=\"wp-block-column is-vertically-aligned-center is-layout-flow wp-block-column-is-layout-flow\" style=\"flex-basis:44%\">\n<div class=\"wp-block-image\"><figure class=\"aligncenter size-full is-resized\"><a href=\"https:\/\/www.pardubickykraj.cz\/\" target=\"_blank\" rel=\"noopener noreferrer\"><img loading=\"lazy\" decoding=\"async\" src=\"https:\/\/nostringsorchestra.cz\/content\/uploads\/media\/pardubicky_kraj_logo_scaled.png\" alt=\"\" class=\"wp-image-4265\" width=\"252\" height=\"73\"\/><\/a><\/figure><\/div>\n<\/div>\n\n\n\n<div class=\"wp-block-column is-vertically-aligned-center is-layout-flow wp-block-column-is-layout-flow\">\n<div class=\"wp-block-image\"><figure class=\"aligncenter size-full is-resized\"><a href=\"https:\/\/adam-david.com\/\" target=\"_blank\" rel=\"noopener noreferrer\"><img loading=\"lazy\" decoding=\"async\" src=\"https:\/\/nostringsorchestra.cz\/content\/uploads\/media\/adam_david_logo.png\" alt=\"\" class=\"wp-image-3810\" width=\"101\" height=\"35\" srcset=\"https:\/\/nostringsorchestra.cz\/content\/uploads\/media\/adam_david_logo.png 405w, https:\/\/nostringsorchestra.cz\/content\/uploads\/media\/adam_david_logo-300x103.png 300w, https:\/\/nostringsorchestra.cz\/content\/uploads\/media\/adam_david_logo-150x51.png 150w, https:\/\/nostringsorchestra.cz\/content\/uploads\/media\/adam_david_logo-391x139.png 391w\" sizes=\"auto, (max-width: 101px) 100vw, 101px\" \/><\/a><\/figure><\/div>\n<\/div>\n<\/div>\n\n\n\n<p><\/p>\n<\/div><\/div>","protected":false},"excerpt":{"rendered":"<p>Seznamte se s n\u00e1mi Jsme No Strings Orchestra, jedno z nej\u00fasp\u011b\u0161n\u011bj\u0161\u00edch hudebn\u00edch t\u011bles vznikl\u00fdch p\u0159i z\u00e1kladn\u00edch um\u011bleck\u00fdch \u0161kol\u00e1ch v&nbsp;\u010cR. Pro\u010d NSO? V n\u00e1zvu je ukryto poselstv\u00ed o n\u00e1strojov\u00e9m obsazen\u00ed orchestru. No Strings znamen\u00e1 v&nbsp;p\u0159ekladu NeSmy\u010dcov\u00fd. V&nbsp;na\u0161em dechov\u00e9m uskupen\u00ed tedy o&nbsp;smy\u010dec nezavad\u00edte. Co se t\u00fd\u010de hran\u00e9ho reperto\u00e1ru, koncertn\u00ed program m\u00e1me vskutku rozmanit\u00fd. Zvl\u00e1d\u00e1me nejr\u016fzn\u011bj\u0161\u00ed aran\u017em\u00e1 filmovek,&hellip; <br \/> <a class=\"read-more\" href=\"https:\/\/nostringsorchestra.cz\/en\/o-nas\/\">Read more<\/a><\/p>","protected":false},"author":1,"featured_media":2774,"parent":0,"menu_order":0,"comment_status":"closed","ping_status":"closed","template":"","meta":{"footnotes":""},"class_list":["post-13","page","type-page","status-publish","has-post-thumbnail","hentry"],"yoast_head":"<!-- This site is optimized with the Yoast SEO plugin v27.3 - https:\/\/yoast.com\/product\/yoast-seo-wordpress\/ -->\n<title>O n\u00e1s &#8211; No Strings Orchestra<\/title>\n<meta name=\"description\" content=\"No Strings Orchestra \u2013 orchestr z Pardubic slo\u017een\u00fd ze \u017e\u00e1k\u016f a absolvent\u016f ZU\u0160 Havl\u00ed\u010dkova. Hrajeme filmovou, popul\u00e1rn\u00ed i klasickou hudbu.\" \/>\n<meta name=\"robots\" content=\"index, follow, max-snippet:-1, max-image-preview:large, max-video-preview:-1\" \/>\n<link rel=\"canonical\" href=\"https:\/\/nostringsorchestra.cz\/en\/o-nas\/\" \/>\n<meta property=\"og:locale\" content=\"en_GB\" \/>\n<meta property=\"og:type\" content=\"article\" \/>\n<meta property=\"og:title\" content=\"O n\u00e1s &#8211; No Strings Orchestra\" \/>\n<meta property=\"og:description\" content=\"No Strings Orchestra \u2013 orchestr z Pardubic slo\u017een\u00fd ze \u017e\u00e1k\u016f a absolvent\u016f ZU\u0160 Havl\u00ed\u010dkova. Hrajeme filmovou, popul\u00e1rn\u00ed i klasickou hudbu.\" \/>\n<meta property=\"og:url\" content=\"https:\/\/nostringsorchestra.cz\/en\/o-nas\/\" \/>\n<meta property=\"og:site_name\" content=\"No Strings Orchestra\" \/>\n<meta property=\"article:publisher\" content=\"https:\/\/www.facebook.com\/nostringsorchestra\" \/>\n<meta property=\"article:modified_time\" content=\"2025-03-31T16:09:37+00:00\" \/>\n<meta property=\"og:image\" content=\"https:\/\/nostringsorchestra.cz\/content\/uploads\/media\/nso_mestske_slavnosti.jpg\" \/>\n\t<meta property=\"og:image:width\" content=\"1750\" \/>\n\t<meta property=\"og:image:height\" content=\"1167\" \/>\n\t<meta property=\"og:image:type\" content=\"image\/jpeg\" \/>\n<meta name=\"twitter:card\" content=\"summary_large_image\" \/>\n<meta name=\"twitter:label1\" content=\"Estimated reading time\" \/>\n\t<meta name=\"twitter:data1\" content=\"3 minutes\" \/>\n<script type=\"application\/ld+json\" class=\"yoast-schema-graph\">{\"@context\":\"https:\\\/\\\/schema.org\",\"@graph\":[{\"@type\":\"WebPage\",\"@id\":\"https:\\\/\\\/nostringsorchestra.cz\\\/o-nas\\\/\",\"url\":\"https:\\\/\\\/nostringsorchestra.cz\\\/o-nas\\\/\",\"name\":\"O n\u00e1s &#8211; No Strings Orchestra\",\"isPartOf\":{\"@id\":\"https:\\\/\\\/nostringsorchestra.cz\\\/#website\"},\"primaryImageOfPage\":{\"@id\":\"https:\\\/\\\/nostringsorchestra.cz\\\/o-nas\\\/#primaryimage\"},\"image\":{\"@id\":\"https:\\\/\\\/nostringsorchestra.cz\\\/o-nas\\\/#primaryimage\"},\"thumbnailUrl\":\"https:\\\/\\\/nostringsorchestra.cz\\\/content\\\/uploads\\\/media\\\/nso_mestske_slavnosti.jpg\",\"datePublished\":\"2020-08-19T22:43:19+00:00\",\"dateModified\":\"2025-03-31T16:09:37+00:00\",\"description\":\"No Strings Orchestra \u2013 orchestr z Pardubic slo\u017een\u00fd ze \u017e\u00e1k\u016f a absolvent\u016f ZU\u0160 Havl\u00ed\u010dkova. Hrajeme filmovou, popul\u00e1rn\u00ed i klasickou hudbu.\",\"breadcrumb\":{\"@id\":\"https:\\\/\\\/nostringsorchestra.cz\\\/o-nas\\\/#breadcrumb\"},\"inLanguage\":\"en-GB\",\"potentialAction\":[{\"@type\":\"ReadAction\",\"target\":[\"https:\\\/\\\/nostringsorchestra.cz\\\/o-nas\\\/\"]}]},{\"@type\":\"ImageObject\",\"inLanguage\":\"en-GB\",\"@id\":\"https:\\\/\\\/nostringsorchestra.cz\\\/o-nas\\\/#primaryimage\",\"url\":\"https:\\\/\\\/nostringsorchestra.cz\\\/content\\\/uploads\\\/media\\\/nso_mestske_slavnosti.jpg\",\"contentUrl\":\"https:\\\/\\\/nostringsorchestra.cz\\\/content\\\/uploads\\\/media\\\/nso_mestske_slavnosti.jpg\",\"width\":1750,\"height\":1167,\"caption\":\"Dechov\u00fd orchestr vystupuj\u00edc\u00ed na M\u011bstsk\u00fdch slavnostech v Pardubic\u00edch dne 13. 10. 2019.\"},{\"@type\":\"BreadcrumbList\",\"@id\":\"https:\\\/\\\/nostringsorchestra.cz\\\/o-nas\\\/#breadcrumb\",\"itemListElement\":[{\"@type\":\"ListItem\",\"position\":1,\"name\":\"Dom\u016f\",\"item\":\"https:\\\/\\\/nostringsorchestra.cz\\\/\"},{\"@type\":\"ListItem\",\"position\":2,\"name\":\"O n\u00e1s\"}]},{\"@type\":\"WebSite\",\"@id\":\"https:\\\/\\\/nostringsorchestra.cz\\\/#website\",\"url\":\"https:\\\/\\\/nostringsorchestra.cz\\\/\",\"name\":\"No Strings Orchestra\",\"description\":\"pardubick\u00fd NeSmy\u010dcov\u00fd Orchestr\",\"publisher\":{\"@id\":\"https:\\\/\\\/nostringsorchestra.cz\\\/#organization\"},\"potentialAction\":[{\"@type\":\"SearchAction\",\"target\":{\"@type\":\"EntryPoint\",\"urlTemplate\":\"https:\\\/\\\/nostringsorchestra.cz\\\/?s={search_term_string}\"},\"query-input\":{\"@type\":\"PropertyValueSpecification\",\"valueRequired\":true,\"valueName\":\"search_term_string\"}}],\"inLanguage\":\"en-GB\"},{\"@type\":\"Organization\",\"@id\":\"https:\\\/\\\/nostringsorchestra.cz\\\/#organization\",\"name\":\"No Strings Orchestra\",\"url\":\"https:\\\/\\\/nostringsorchestra.cz\\\/\",\"logo\":{\"@type\":\"ImageObject\",\"inLanguage\":\"en-GB\",\"@id\":\"https:\\\/\\\/nostringsorchestra.cz\\\/#\\\/schema\\\/logo\\\/image\\\/\",\"url\":\"https:\\\/\\\/nostringsorchestra.cz\\\/content\\\/uploads\\\/media\\\/nso_logo.jpg\",\"contentUrl\":\"https:\\\/\\\/nostringsorchestra.cz\\\/content\\\/uploads\\\/media\\\/nso_logo.jpg\",\"width\":1080,\"height\":1080,\"caption\":\"No Strings Orchestra\"},\"image\":{\"@id\":\"https:\\\/\\\/nostringsorchestra.cz\\\/#\\\/schema\\\/logo\\\/image\\\/\"},\"sameAs\":[\"https:\\\/\\\/www.facebook.com\\\/nostringsorchestra\",\"https:\\\/\\\/www.instagram.com\\\/nostringsorchestra\",\"https:\\\/\\\/www.youtube.com\\\/channel\\\/UCJLCy9n3PdVI9jwgJK2CmjA\\\/\"]}]}<\/script>\n<!-- \/ Yoast SEO plugin. -->","yoast_head_json":{"title":"O n\u00e1s &#8211; No Strings Orchestra","description":"No Strings Orchestra \u2013 orchestr z Pardubic slo\u017een\u00fd ze \u017e\u00e1k\u016f a absolvent\u016f ZU\u0160 Havl\u00ed\u010dkova. Hrajeme filmovou, popul\u00e1rn\u00ed i klasickou hudbu.","robots":{"index":"index","follow":"follow","max-snippet":"max-snippet:-1","max-image-preview":"max-image-preview:large","max-video-preview":"max-video-preview:-1"},"canonical":"https:\/\/nostringsorchestra.cz\/en\/o-nas\/","og_locale":"en_GB","og_type":"article","og_title":"O n\u00e1s &#8211; No Strings Orchestra","og_description":"No Strings Orchestra \u2013 orchestr z Pardubic slo\u017een\u00fd ze \u017e\u00e1k\u016f a absolvent\u016f ZU\u0160 Havl\u00ed\u010dkova. Hrajeme filmovou, popul\u00e1rn\u00ed i klasickou hudbu.","og_url":"https:\/\/nostringsorchestra.cz\/en\/o-nas\/","og_site_name":"No Strings Orchestra","article_publisher":"https:\/\/www.facebook.com\/nostringsorchestra","article_modified_time":"2025-03-31T16:09:37+00:00","og_image":[{"width":1750,"height":1167,"url":"https:\/\/nostringsorchestra.cz\/content\/uploads\/media\/nso_mestske_slavnosti.jpg","type":"image\/jpeg"}],"twitter_card":"summary_large_image","twitter_misc":{"Estimated reading time":"3 minutes"},"schema":{"@context":"https:\/\/schema.org","@graph":[{"@type":"WebPage","@id":"https:\/\/nostringsorchestra.cz\/o-nas\/","url":"https:\/\/nostringsorchestra.cz\/o-nas\/","name":"O n\u00e1s &#8211; No Strings Orchestra","isPartOf":{"@id":"https:\/\/nostringsorchestra.cz\/#website"},"primaryImageOfPage":{"@id":"https:\/\/nostringsorchestra.cz\/o-nas\/#primaryimage"},"image":{"@id":"https:\/\/nostringsorchestra.cz\/o-nas\/#primaryimage"},"thumbnailUrl":"https:\/\/nostringsorchestra.cz\/content\/uploads\/media\/nso_mestske_slavnosti.jpg","datePublished":"2020-08-19T22:43:19+00:00","dateModified":"2025-03-31T16:09:37+00:00","description":"No Strings Orchestra \u2013 orchestr z Pardubic slo\u017een\u00fd ze \u017e\u00e1k\u016f a absolvent\u016f ZU\u0160 Havl\u00ed\u010dkova. Hrajeme filmovou, popul\u00e1rn\u00ed i klasickou hudbu.","breadcrumb":{"@id":"https:\/\/nostringsorchestra.cz\/o-nas\/#breadcrumb"},"inLanguage":"en-GB","potentialAction":[{"@type":"ReadAction","target":["https:\/\/nostringsorchestra.cz\/o-nas\/"]}]},{"@type":"ImageObject","inLanguage":"en-GB","@id":"https:\/\/nostringsorchestra.cz\/o-nas\/#primaryimage","url":"https:\/\/nostringsorchestra.cz\/content\/uploads\/media\/nso_mestske_slavnosti.jpg","contentUrl":"https:\/\/nostringsorchestra.cz\/content\/uploads\/media\/nso_mestske_slavnosti.jpg","width":1750,"height":1167,"caption":"Dechov\u00fd orchestr vystupuj\u00edc\u00ed na M\u011bstsk\u00fdch slavnostech v Pardubic\u00edch dne 13. 10. 2019."},{"@type":"BreadcrumbList","@id":"https:\/\/nostringsorchestra.cz\/o-nas\/#breadcrumb","itemListElement":[{"@type":"ListItem","position":1,"name":"Dom\u016f","item":"https:\/\/nostringsorchestra.cz\/"},{"@type":"ListItem","position":2,"name":"O n\u00e1s"}]},{"@type":"WebSite","@id":"https:\/\/nostringsorchestra.cz\/#website","url":"https:\/\/nostringsorchestra.cz\/","name":"No Strings Orchestra","description":"pardubick\u00fd NeSmy\u010dcov\u00fd Orchestr","publisher":{"@id":"https:\/\/nostringsorchestra.cz\/#organization"},"potentialAction":[{"@type":"SearchAction","target":{"@type":"EntryPoint","urlTemplate":"https:\/\/nostringsorchestra.cz\/?s={search_term_string}"},"query-input":{"@type":"PropertyValueSpecification","valueRequired":true,"valueName":"search_term_string"}}],"inLanguage":"en-GB"},{"@type":"Organization","@id":"https:\/\/nostringsorchestra.cz\/#organization","name":"No Strings Orchestra","url":"https:\/\/nostringsorchestra.cz\/","logo":{"@type":"ImageObject","inLanguage":"en-GB","@id":"https:\/\/nostringsorchestra.cz\/#\/schema\/logo\/image\/","url":"https:\/\/nostringsorchestra.cz\/content\/uploads\/media\/nso_logo.jpg","contentUrl":"https:\/\/nostringsorchestra.cz\/content\/uploads\/media\/nso_logo.jpg","width":1080,"height":1080,"caption":"No Strings Orchestra"},"image":{"@id":"https:\/\/nostringsorchestra.cz\/#\/schema\/logo\/image\/"},"sameAs":["https:\/\/www.facebook.com\/nostringsorchestra","https:\/\/www.instagram.com\/nostringsorchestra","https:\/\/www.youtube.com\/channel\/UCJLCy9n3PdVI9jwgJK2CmjA\/"]}]}},"_links":{"self":[{"href":"https:\/\/nostringsorchestra.cz\/en\/wp-json\/wp\/v2\/pages\/13","targetHints":{"allow":["GET"]}}],"collection":[{"href":"https:\/\/nostringsorchestra.cz\/en\/wp-json\/wp\/v2\/pages"}],"about":[{"href":"https:\/\/nostringsorchestra.cz\/en\/wp-json\/wp\/v2\/types\/page"}],"author":[{"embeddable":true,"href":"https:\/\/nostringsorchestra.cz\/en\/wp-json\/wp\/v2\/users\/1"}],"replies":[{"embeddable":true,"href":"https:\/\/nostringsorchestra.cz\/en\/wp-json\/wp\/v2\/comments?post=13"}],"version-history":[{"count":313,"href":"https:\/\/nostringsorchestra.cz\/en\/wp-json\/wp\/v2\/pages\/13\/revisions"}],"predecessor-version":[{"id":4791,"href":"https:\/\/nostringsorchestra.cz\/en\/wp-json\/wp\/v2\/pages\/13\/revisions\/4791"}],"wp:featuredmedia":[{"embeddable":true,"href":"https:\/\/nostringsorchestra.cz\/en\/wp-json\/wp\/v2\/media\/2774"}],"wp:attachment":[{"href":"https:\/\/nostringsorchestra.cz\/en\/wp-json\/wp\/v2\/media?parent=13"}],"curies":[{"name":"wp","href":"https:\/\/api.w.org\/{rel}","templated":true}]}}