{"id":14,"date":"2020-08-20T00:43:19","date_gmt":"2020-08-19T22:43:19","guid":{"rendered":"http:\/\/nostringsorchestra.cz\/?page_id=14"},"modified":"2024-04-03T00:33:39","modified_gmt":"2024-04-02T22:33:39","slug":"kontakt","status":"publish","type":"page","link":"https:\/\/nostringsorchestra.cz\/en\/kontakt\/","title":{"rendered":"Contact"},"content":{"rendered":"<div class=\"wp-block-column is-layout-flow wp-block-column-is-layout-flow\">\n<div class=\"wp-block-columns is-layout-flex wp-container-core-columns-is-layout-9d6595d7 wp-block-columns-is-layout-flex\">\n<div class=\"wp-block-column is-layout-flow wp-block-column-is-layout-flow\">\n<div class=\"wp-block-group\"><div class=\"wp-block-group__inner-container is-layout-flow wp-block-group-is-layout-flow\">\n<p class=\"has-black-color has-text-color\"><strong>NSO Pardubice z. s.<\/strong><\/p>\n\n\n\n<p class=\"has-black-color has-text-color\"><p class=\"has-black-color has-text-color\">Havl\u00ed\u010dkova 925<\/p>\n\n\n\n<p class=\"has-black-color has-text-color\">530 02 Pardubice<\/p>\n\n\n\n<p class=\"has-black-color has-text-color\">ID: 22761250<\/p>\n<\/div><\/div>\n\n\n\n<div style=\"height:72px\" aria-hidden=\"true\" class=\"wp-block-spacer\"><\/div>\n\n\n\n<p class=\"has-black-color has-text-color\"><strong>account number:<\/strong> 2700210948\/2010<\/p>\n\n\n\n<p class=\"has-black-color has-text-color\"><strong>IBAN:<\/strong> CZ5220100000002700210948<\/p>\n\n\n\n<p class=\"has-black-color has-text-color\"><strong>datov\u00e1 schr\u00e1nka:<\/strong> u58n3b<\/p>\n<\/div>\n\n\n\n<div class=\"wp-block-column is-vertically-aligned-top is-layout-flow wp-block-column-is-layout-flow\">\n<div style=\"height:42px\" aria-hidden=\"true\" class=\"wp-block-spacer\"><\/div>\n\n\n\n<div class=\"wp-block-group\"><div class=\"wp-block-group__inner-container is-layout-flow wp-block-group-is-layout-flow\">\n<p class=\"has-black-color has-text-color\"><strong>phone:<\/strong> <a style=\"text-decoration: none;color:black!important\" rel=\"noopener noreferrer\" href=\"https:\/\/api.whatsapp.com\/send?phone=420608875575\" target=\"_blank\">+420 608 875 575<\/a><\/p>\n\n\n\n<p class=\"has-black-color has-text-color\"><strong>email:<\/strong> <a style=\"text-decoration: none; color: black!important\" rel=\"noreferrer noopener\" href=\"mailto:mail@nostringsorchestra.cz\" target=\"_blank\">mail@nostringsorchestra.cz<\/a><\/p>\n\n\n\n<p class=\"has-black-color has-text-color\"><strong>social:<\/strong> <\/p>\n\n\n\n<ul class=\"wp-block-social-links is-layout-flex wp-block-social-links-is-layout-flex\"><li class=\"wp-social-link wp-social-link-instagram  wp-block-social-link\"><a href=\"https:\/\/www.instagram.com\/nostringsorchestra\/\" class=\"wp-block-social-link-anchor\"><svg width=\"24\" height=\"24\" viewbox=\"0 0 24 24\" version=\"1.1\" xmlns=\"http:\/\/www.w3.org\/2000\/svg\" aria-hidden=\"true\" focusable=\"false\"><path d=\"M12,4.622c2.403,0,2.688,0.009,3.637,0.052c0.877,0.04,1.354,0.187,1.671,0.31c0.42,0.163,0.72,0.358,1.035,0.673 c0.315,0.315,0.51,0.615,0.673,1.035c0.123,0.317,0.27,0.794,0.31,1.671c0.043,0.949,0.052,1.234,0.052,3.637 s-0.009,2.688-0.052,3.637c-0.04,0.877-0.187,1.354-0.31,1.671c-0.163,0.42-0.358,0.72-0.673,1.035 c-0.315,0.315-0.615,0.51-1.035,0.673c-0.317,0.123-0.794,0.27-1.671,0.31c-0.949,0.043-1.233,0.052-3.637,0.052 s-2.688-0.009-3.637-0.052c-0.877-0.04-1.354-0.187-1.671-0.31c-0.42-0.163-0.72-0.358-1.035-0.673 c-0.315-0.315-0.51-0.615-0.673-1.035c-0.123-0.317-0.27-0.794-0.31-1.671C4.631,14.688,4.622,14.403,4.622,12 s0.009-2.688,0.052-3.637c0.04-0.877,0.187-1.354,0.31-1.671c0.163-0.42,0.358-0.72,0.673-1.035 c0.315-0.315,0.615-0.51,1.035-0.673c0.317-0.123,0.794-0.27,1.671-0.31C9.312,4.631,9.597,4.622,12,4.622 M12,3 C9.556,3,9.249,3.01,8.289,3.054C7.331,3.098,6.677,3.25,6.105,3.472C5.513,3.702,5.011,4.01,4.511,4.511 c-0.5,0.5-0.808,1.002-1.038,1.594C3.25,6.677,3.098,7.331,3.054,8.289C3.01,9.249,3,9.556,3,12c0,2.444,0.01,2.751,0.054,3.711 c0.044,0.958,0.196,1.612,0.418,2.185c0.23,0.592,0.538,1.094,1.038,1.594c0.5,0.5,1.002,0.808,1.594,1.038 c0.572,0.222,1.227,0.375,2.185,0.418C9.249,20.99,9.556,21,12,21s2.751-0.01,3.711-0.054c0.958-0.044,1.612-0.196,2.185-0.418 c0.592-0.23,1.094-0.538,1.594-1.038c0.5-0.5,0.808-1.002,1.038-1.594c0.222-0.572,0.375-1.227,0.418-2.185 C20.99,14.751,21,14.444,21,12s-0.01-2.751-0.054-3.711c-0.044-0.958-0.196-1.612-0.418-2.185c-0.23-0.592-0.538-1.094-1.038-1.594 c-0.5-0.5-1.002-0.808-1.594-1.038c-0.572-0.222-1.227-0.375-2.185-0.418C14.751,3.01,14.444,3,12,3L12,3z M12,7.378 c-2.552,0-4.622,2.069-4.622,4.622S9.448,16.622,12,16.622s4.622-2.069,4.622-4.622S14.552,7.378,12,7.378z M12,15 c-1.657,0-3-1.343-3-3s1.343-3,3-3s3,1.343,3,3S13.657,15,12,15z M16.804,6.116c-0.596,0-1.08,0.484-1.08,1.08 s0.484,1.08,1.08,1.08c0.596,0,1.08-0.484,1.08-1.08S17.401,6.116,16.804,6.116z\"><\/path><\/svg><span class=\"wp-block-social-link-label screen-reader-text\">Instagram<\/span><\/a><\/li>\n\n<li class=\"wp-social-link wp-social-link-facebook  wp-block-social-link\"><a href=\"https:\/\/www.facebook.com\/nostringsorchestra\/\" class=\"wp-block-social-link-anchor\"><svg width=\"24\" height=\"24\" viewbox=\"0 0 24 24\" version=\"1.1\" xmlns=\"http:\/\/www.w3.org\/2000\/svg\" aria-hidden=\"true\" focusable=\"false\"><path d=\"M12 2C6.5 2 2 6.5 2 12c0 5 3.7 9.1 8.4 9.9v-7H7.9V12h2.5V9.8c0-2.5 1.5-3.9 3.8-3.9 1.1 0 2.2.2 2.2.2v2.5h-1.3c-1.2 0-1.6.8-1.6 1.6V12h2.8l-.4 2.9h-2.3v7C18.3 21.1 22 17 22 12c0-5.5-4.5-10-10-10z\"><\/path><\/svg><span class=\"wp-block-social-link-label screen-reader-text\">Facebook<\/span><\/a><\/li>\n\n<li class=\"wp-social-link wp-social-link-youtube  wp-block-social-link\"><a href=\"https:\/\/www.youtube.com\/@nostringsorchestra\" class=\"wp-block-social-link-anchor\"><svg width=\"24\" height=\"24\" viewbox=\"0 0 24 24\" version=\"1.1\" xmlns=\"http:\/\/www.w3.org\/2000\/svg\" aria-hidden=\"true\" focusable=\"false\"><path d=\"M21.8,8.001c0,0-0.195-1.378-0.795-1.985c-0.76-0.797-1.613-0.801-2.004-0.847c-2.799-0.202-6.997-0.202-6.997-0.202 h-0.009c0,0-4.198,0-6.997,0.202C4.608,5.216,3.756,5.22,2.995,6.016C2.395,6.623,2.2,8.001,2.2,8.001S2,9.62,2,11.238v1.517 c0,1.618,0.2,3.237,0.2,3.237s0.195,1.378,0.795,1.985c0.761,0.797,1.76,0.771,2.205,0.855c1.6,0.153,6.8,0.201,6.8,0.201 s4.203-0.006,7.001-0.209c0.391-0.047,1.243-0.051,2.004-0.847c0.6-0.607,0.795-1.985,0.795-1.985s0.2-1.618,0.2-3.237v-1.517 C22,9.62,21.8,8.001,21.8,8.001z M9.935,14.594l-0.001-5.62l5.404,2.82L9.935,14.594z\"><\/path><\/svg><span class=\"wp-block-social-link-label screen-reader-text\">YouTube<\/span><\/a><\/li><\/ul>\n<\/div><\/div>\n<\/div>\n<\/div>\n<\/div>","protected":false},"excerpt":{"rendered":"<p>NSO Pardubice z. s. Havl\u00ed\u010dkova 925 530 02 Pardubice I\u010cO: 22761250 bankovn\u00ed spojen\u00ed: 2700210948\/2010 IBAN: CZ5220100000002700210948 datov\u00e1 schr\u00e1nka: u58n3b telefon: +420 608 875 575 email: mail@nostringsorchestra.cz social:<\/p>","protected":false},"author":1,"featured_media":0,"parent":0,"menu_order":0,"comment_status":"closed","ping_status":"closed","template":"","meta":{"footnotes":""},"class_list":["post-14","page","type-page","status-publish","hentry"],"yoast_head":"<!-- This site is optimized with the Yoast SEO plugin v27.3 - https:\/\/yoast.com\/product\/yoast-seo-wordpress\/ -->\n<title>Kontakt &#8211; No Strings Orchestra<\/title>\n<meta name=\"description\" content=\"Pot\u0159ebuje\u0161 s n\u00e1mi mluvit? Zde najde\u0161 v\u0161echny d\u016fle\u017eit\u00e9 Kontakt y pro spojen\u00ed s No Strings Orchestra. Nesty\u010f se a napi\u0161 n\u00e1m n\u011bco hezk\u00e9ho!\" \/>\n<meta name=\"robots\" content=\"index, follow, max-snippet:-1, max-image-preview:large, max-video-preview:-1\" \/>\n<link rel=\"canonical\" href=\"https:\/\/nostringsorchestra.cz\/en\/kontakt\/\" \/>\n<meta property=\"og:locale\" content=\"en_GB\" \/>\n<meta property=\"og:type\" content=\"article\" \/>\n<meta property=\"og:title\" content=\"Kontakt &#8211; No Strings Orchestra\" \/>\n<meta property=\"og:description\" content=\"Pot\u0159ebuje\u0161 s n\u00e1mi mluvit? Zde najde\u0161 v\u0161echny d\u016fle\u017eit\u00e9 Kontakt y pro spojen\u00ed s No Strings Orchestra. Nesty\u010f se a napi\u0161 n\u00e1m n\u011bco hezk\u00e9ho!\" \/>\n<meta property=\"og:url\" content=\"https:\/\/nostringsorchestra.cz\/en\/kontakt\/\" \/>\n<meta property=\"og:site_name\" content=\"No Strings Orchestra\" \/>\n<meta property=\"article:publisher\" content=\"https:\/\/www.facebook.com\/nostringsorchestra\" \/>\n<meta property=\"article:modified_time\" content=\"2024-04-02T22:33:39+00:00\" \/>\n<meta name=\"twitter:card\" content=\"summary_large_image\" \/>\n<meta name=\"twitter:label1\" content=\"Estimated reading time\" \/>\n\t<meta name=\"twitter:data1\" content=\"1 minute\" \/>\n<script type=\"application\/ld+json\" class=\"yoast-schema-graph\">{\"@context\":\"https:\\\/\\\/schema.org\",\"@graph\":[{\"@type\":\"WebPage\",\"@id\":\"https:\\\/\\\/nostringsorchestra.cz\\\/kontakt\\\/\",\"url\":\"https:\\\/\\\/nostringsorchestra.cz\\\/kontakt\\\/\",\"name\":\"Kontakt &#8211; No Strings Orchestra\",\"isPartOf\":{\"@id\":\"https:\\\/\\\/nostringsorchestra.cz\\\/#website\"},\"datePublished\":\"2020-08-19T22:43:19+00:00\",\"dateModified\":\"2024-04-02T22:33:39+00:00\",\"description\":\"Pot\u0159ebuje\u0161 s n\u00e1mi mluvit? Zde najde\u0161 v\u0161echny d\u016fle\u017eit\u00e9 Kontakt y pro spojen\u00ed s No Strings Orchestra. Nesty\u010f se a napi\u0161 n\u00e1m n\u011bco hezk\u00e9ho!\",\"breadcrumb\":{\"@id\":\"https:\\\/\\\/nostringsorchestra.cz\\\/kontakt\\\/#breadcrumb\"},\"inLanguage\":\"en-GB\",\"potentialAction\":[{\"@type\":\"ReadAction\",\"target\":[\"https:\\\/\\\/nostringsorchestra.cz\\\/kontakt\\\/\"]}]},{\"@type\":\"BreadcrumbList\",\"@id\":\"https:\\\/\\\/nostringsorchestra.cz\\\/kontakt\\\/#breadcrumb\",\"itemListElement\":[{\"@type\":\"ListItem\",\"position\":1,\"name\":\"Dom\u016f\",\"item\":\"https:\\\/\\\/nostringsorchestra.cz\\\/\"},{\"@type\":\"ListItem\",\"position\":2,\"name\":\"Kontakt\"}]},{\"@type\":\"WebSite\",\"@id\":\"https:\\\/\\\/nostringsorchestra.cz\\\/#website\",\"url\":\"https:\\\/\\\/nostringsorchestra.cz\\\/\",\"name\":\"No Strings Orchestra\",\"description\":\"pardubick\u00fd NeSmy\u010dcov\u00fd Orchestr\",\"publisher\":{\"@id\":\"https:\\\/\\\/nostringsorchestra.cz\\\/#organization\"},\"potentialAction\":[{\"@type\":\"SearchAction\",\"target\":{\"@type\":\"EntryPoint\",\"urlTemplate\":\"https:\\\/\\\/nostringsorchestra.cz\\\/?s={search_term_string}\"},\"query-input\":{\"@type\":\"PropertyValueSpecification\",\"valueRequired\":true,\"valueName\":\"search_term_string\"}}],\"inLanguage\":\"en-GB\"},{\"@type\":\"Organization\",\"@id\":\"https:\\\/\\\/nostringsorchestra.cz\\\/#organization\",\"name\":\"No Strings Orchestra\",\"url\":\"https:\\\/\\\/nostringsorchestra.cz\\\/\",\"logo\":{\"@type\":\"ImageObject\",\"inLanguage\":\"en-GB\",\"@id\":\"https:\\\/\\\/nostringsorchestra.cz\\\/#\\\/schema\\\/logo\\\/image\\\/\",\"url\":\"https:\\\/\\\/nostringsorchestra.cz\\\/content\\\/uploads\\\/media\\\/nso_logo.jpg\",\"contentUrl\":\"https:\\\/\\\/nostringsorchestra.cz\\\/content\\\/uploads\\\/media\\\/nso_logo.jpg\",\"width\":1080,\"height\":1080,\"caption\":\"No Strings Orchestra\"},\"image\":{\"@id\":\"https:\\\/\\\/nostringsorchestra.cz\\\/#\\\/schema\\\/logo\\\/image\\\/\"},\"sameAs\":[\"https:\\\/\\\/www.facebook.com\\\/nostringsorchestra\",\"https:\\\/\\\/www.instagram.com\\\/nostringsorchestra\",\"https:\\\/\\\/www.youtube.com\\\/channel\\\/UCJLCy9n3PdVI9jwgJK2CmjA\\\/\"]}]}<\/script>\n<!-- \/ Yoast SEO plugin. -->","yoast_head_json":{"title":"Kontakt &#8211; No Strings Orchestra","description":"Pot\u0159ebuje\u0161 s n\u00e1mi mluvit? Zde najde\u0161 v\u0161echny d\u016fle\u017eit\u00e9 Kontakt y pro spojen\u00ed s No Strings Orchestra. Nesty\u010f se a napi\u0161 n\u00e1m n\u011bco hezk\u00e9ho!","robots":{"index":"index","follow":"follow","max-snippet":"max-snippet:-1","max-image-preview":"max-image-preview:large","max-video-preview":"max-video-preview:-1"},"canonical":"https:\/\/nostringsorchestra.cz\/en\/kontakt\/","og_locale":"en_GB","og_type":"article","og_title":"Kontakt &#8211; No Strings Orchestra","og_description":"Pot\u0159ebuje\u0161 s n\u00e1mi mluvit? Zde najde\u0161 v\u0161echny d\u016fle\u017eit\u00e9 Kontakt y pro spojen\u00ed s No Strings Orchestra. Nesty\u010f se a napi\u0161 n\u00e1m n\u011bco hezk\u00e9ho!","og_url":"https:\/\/nostringsorchestra.cz\/en\/kontakt\/","og_site_name":"No Strings Orchestra","article_publisher":"https:\/\/www.facebook.com\/nostringsorchestra","article_modified_time":"2024-04-02T22:33:39+00:00","twitter_card":"summary_large_image","twitter_misc":{"Estimated reading time":"1 minute"},"schema":{"@context":"https:\/\/schema.org","@graph":[{"@type":"WebPage","@id":"https:\/\/nostringsorchestra.cz\/kontakt\/","url":"https:\/\/nostringsorchestra.cz\/kontakt\/","name":"Kontakt &#8211; No Strings Orchestra","isPartOf":{"@id":"https:\/\/nostringsorchestra.cz\/#website"},"datePublished":"2020-08-19T22:43:19+00:00","dateModified":"2024-04-02T22:33:39+00:00","description":"Pot\u0159ebuje\u0161 s n\u00e1mi mluvit? Zde najde\u0161 v\u0161echny d\u016fle\u017eit\u00e9 Kontakt y pro spojen\u00ed s No Strings Orchestra. Nesty\u010f se a napi\u0161 n\u00e1m n\u011bco hezk\u00e9ho!","breadcrumb":{"@id":"https:\/\/nostringsorchestra.cz\/kontakt\/#breadcrumb"},"inLanguage":"en-GB","potentialAction":[{"@type":"ReadAction","target":["https:\/\/nostringsorchestra.cz\/kontakt\/"]}]},{"@type":"BreadcrumbList","@id":"https:\/\/nostringsorchestra.cz\/kontakt\/#breadcrumb","itemListElement":[{"@type":"ListItem","position":1,"name":"Dom\u016f","item":"https:\/\/nostringsorchestra.cz\/"},{"@type":"ListItem","position":2,"name":"Kontakt"}]},{"@type":"WebSite","@id":"https:\/\/nostringsorchestra.cz\/#website","url":"https:\/\/nostringsorchestra.cz\/","name":"No Strings Orchestra","description":"pardubick\u00fd NeSmy\u010dcov\u00fd Orchestr","publisher":{"@id":"https:\/\/nostringsorchestra.cz\/#organization"},"potentialAction":[{"@type":"SearchAction","target":{"@type":"EntryPoint","urlTemplate":"https:\/\/nostringsorchestra.cz\/?s={search_term_string}"},"query-input":{"@type":"PropertyValueSpecification","valueRequired":true,"valueName":"search_term_string"}}],"inLanguage":"en-GB"},{"@type":"Organization","@id":"https:\/\/nostringsorchestra.cz\/#organization","name":"No Strings Orchestra","url":"https:\/\/nostringsorchestra.cz\/","logo":{"@type":"ImageObject","inLanguage":"en-GB","@id":"https:\/\/nostringsorchestra.cz\/#\/schema\/logo\/image\/","url":"https:\/\/nostringsorchestra.cz\/content\/uploads\/media\/nso_logo.jpg","contentUrl":"https:\/\/nostringsorchestra.cz\/content\/uploads\/media\/nso_logo.jpg","width":1080,"height":1080,"caption":"No Strings Orchestra"},"image":{"@id":"https:\/\/nostringsorchestra.cz\/#\/schema\/logo\/image\/"},"sameAs":["https:\/\/www.facebook.com\/nostringsorchestra","https:\/\/www.instagram.com\/nostringsorchestra","https:\/\/www.youtube.com\/channel\/UCJLCy9n3PdVI9jwgJK2CmjA\/"]}]}},"_links":{"self":[{"href":"https:\/\/nostringsorchestra.cz\/en\/wp-json\/wp\/v2\/pages\/14","targetHints":{"allow":["GET"]}}],"collection":[{"href":"https:\/\/nostringsorchestra.cz\/en\/wp-json\/wp\/v2\/pages"}],"about":[{"href":"https:\/\/nostringsorchestra.cz\/en\/wp-json\/wp\/v2\/types\/page"}],"author":[{"embeddable":true,"href":"https:\/\/nostringsorchestra.cz\/en\/wp-json\/wp\/v2\/users\/1"}],"replies":[{"embeddable":true,"href":"https:\/\/nostringsorchestra.cz\/en\/wp-json\/wp\/v2\/comments?post=14"}],"version-history":[{"count":449,"href":"https:\/\/nostringsorchestra.cz\/en\/wp-json\/wp\/v2\/pages\/14\/revisions"}],"predecessor-version":[{"id":5199,"href":"https:\/\/nostringsorchestra.cz\/en\/wp-json\/wp\/v2\/pages\/14\/revisions\/5199"}],"wp:attachment":[{"href":"https:\/\/nostringsorchestra.cz\/en\/wp-json\/wp\/v2\/media?parent=14"}],"curies":[{"name":"wp","href":"https:\/\/api.w.org\/{rel}","templated":true}]}}