{"id":193,"date":"2020-08-20T22:10:12","date_gmt":"2020-08-20T20:10:12","guid":{"rendered":"https:\/\/nostringsorchestra.cz\/?page_id=193"},"modified":"2025-10-13T03:52:37","modified_gmt":"2025-10-13T01:52:37","slug":"clenove","status":"publish","type":"page","link":"https:\/\/nostringsorchestra.cz\/en\/clenove\/","title":{"rendered":"Members"},"content":{"rendered":"<h3><img loading=\"lazy\" decoding=\"async\" class=\"instrument aligncenter wp-image-3488\" style=\"margin-top: 0;\" src=\"https:\/\/nostringsorchestra.cz\/content\/uploads\/media\/conductor.png\" alt=\"\" width=\"75\" height=\"75\" srcset=\"https:\/\/nostringsorchestra.cz\/content\/uploads\/media\/conductor.png 220w, https:\/\/nostringsorchestra.cz\/content\/uploads\/media\/conductor-150x150.png 150w\" sizes=\"auto, (max-width: 75px) 100vw, 75px\" \/><\/h3>\n<h3 style=\"text-align: center; margin-top: 0px;\"><strong><span style=\"color: #000000;\">Conductors<\/span><\/strong><\/h3>\n<h4 style=\"text-align: center; margin-top: 0px;\"><span style=\"color: #000000;\">Martin Maroul<\/span><br \/>\n<span style=\"color: #000000;\">Ond\u0159ej Mejsnar<\/span><\/h4>\n<h3><img loading=\"lazy\" decoding=\"async\" class=\"instrument aligncenter wp-image-3468\" src=\"https:\/\/nostringsorchestra.cz\/content\/uploads\/media\/flute.png\" alt=\"\" width=\"75\" height=\"75\" srcset=\"https:\/\/nostringsorchestra.cz\/content\/uploads\/media\/flute.png 220w, https:\/\/nostringsorchestra.cz\/content\/uploads\/media\/flute-150x150.png 150w\" sizes=\"auto, (max-width: 75px) 100vw, 75px\" \/><\/h3>\n<h3 style=\"text-align: center;\"><strong><span style=\"color: #000000;\">Flutes<\/span><\/strong><\/h3>\n<h4 style=\"text-align: center;\"><span style=\"color: #000000;\">Krist\u00fdna Ballov\u00e1<\/span><br \/>\n<span style=\"color: #000000;\">Anna Je\u017ekov\u00e1<\/span><br \/>\n<span style=\"color: #000000;\">Eli\u0161ka K\u0159epinsk\u00e1<\/span><br \/>\n<span style=\"color: #000000;\">Tereza R\u016f\u017ei\u010dkov\u00e1<\/span><br \/>\n<span style=\"color: #000000;\">Jakub Saka\u0159<\/span><\/h4>\n<h3><img loading=\"lazy\" decoding=\"async\" class=\"instrument aligncenter wp-image-3477\" src=\"https:\/\/nostringsorchestra.cz\/content\/uploads\/media\/oboe.png\" alt=\"\" width=\"75\" height=\"75\" srcset=\"https:\/\/nostringsorchestra.cz\/content\/uploads\/media\/oboe.png 220w, https:\/\/nostringsorchestra.cz\/content\/uploads\/media\/oboe-150x150.png 150w\" sizes=\"auto, (max-width: 75px) 100vw, 75px\" \/><\/h3>\n<h3 style=\"text-align: center;\"><strong><span style=\"color: #000000;\">Oboes<\/span><\/strong><\/h3>\n<h4 style=\"text-align: center;\"><span style=\"color: #000000;\">Vojt\u011bch Halda<\/span><br \/>\n<span style=\"color: #000000;\">Ilona Skoup\u00e1<\/span><\/h4>\n<h3><img loading=\"lazy\" decoding=\"async\" class=\"instrument aligncenter wp-image-3475\" src=\"https:\/\/nostringsorchestra.cz\/content\/uploads\/media\/clarinet.png\" alt=\"\" width=\"75\" height=\"75\" srcset=\"https:\/\/nostringsorchestra.cz\/content\/uploads\/media\/clarinet.png 220w, https:\/\/nostringsorchestra.cz\/content\/uploads\/media\/clarinet-150x150.png 150w\" sizes=\"auto, (max-width: 75px) 100vw, 75px\" \/><\/h3>\n<h3 style=\"text-align: center;\"><strong><span style=\"color: #000000;\">Clarinets<\/span><\/strong><\/h3>\n<h4 style=\"text-align: center;\">\n<span style=\"color: #000000;\">Erik \u010cern\u00fd<\/span><br \/>\n<span style=\"color: #000000;\">Imrich Dioszegi<\/span><br \/>\n<span style=\"color: #000000;\">Ad\u00e9la Hlavat\u00e1<\/span><br \/>\n<span style=\"color: #000000;\">Filip Krop\u00e1\u010dek<\/span><br \/>\n<span style=\"color: #000000;\">\u0160t\u011bp\u00e1n K\u0159epinsk\u00fd<\/span><br \/>\n<span style=\"color: #000000;\">Kl\u00e1ra Luk\u00e1\u0161kov\u00e1<\/span><br \/>\n<span style=\"color: #000000;\">Pavla Luk\u00e1\u0161kov\u00e1<\/span><br \/>\n<span style=\"color: #000000;\">Zuzana Mari\u0161lerov\u00e1<\/span><br \/>\n<span style=\"color: #000000;\">Veronika V\u00edtkov\u00e1<\/span><br \/>\n<span style=\"color: #000000;\">Sarah Voigts<\/span><\/h4>\n<h3><img loading=\"lazy\" decoding=\"async\" class=\"instrument aligncenter wp-image-3479\" src=\"https:\/\/nostringsorchestra.cz\/content\/uploads\/media\/sax.png\" alt=\"\" width=\"75\" height=\"75\" srcset=\"https:\/\/nostringsorchestra.cz\/content\/uploads\/media\/sax.png 220w, https:\/\/nostringsorchestra.cz\/content\/uploads\/media\/sax-150x150.png 150w\" sizes=\"auto, (max-width: 75px) 100vw, 75px\" \/><\/h3>\n<h3 style=\"text-align: center;\"><strong><span style=\"color: #000000;\">Saxophones<\/span><\/strong><\/h3>\n<h4 style=\"text-align: center;\"><span style=\"color: #000000;\">\u0160\u00e1rka Hlavat\u00e1<\/span><br \/>\n<span style=\"color: #000000;\">Hynek M\u00fcller<\/span><br \/>\n<span style=\"color: #000000;\">Kl\u00e1ra Rokytov\u00e1<\/span><\/h4>\n<h3><img loading=\"lazy\" decoding=\"async\" class=\"instrument aligncenter wp-image-3480\" src=\"https:\/\/nostringsorchestra.cz\/content\/uploads\/media\/horn.png\" alt=\"\" width=\"75\" height=\"75\" srcset=\"https:\/\/nostringsorchestra.cz\/content\/uploads\/media\/horn.png 220w, https:\/\/nostringsorchestra.cz\/content\/uploads\/media\/horn-150x150.png 150w\" sizes=\"auto, (max-width: 75px) 100vw, 75px\" \/><\/h3>\n<h3 style=\"text-align: center;\"><strong><span style=\"color: #000000;\">French horns<\/span><\/strong><\/h3>\n<h4 style=\"text-align: center;\">\n<span style=\"color: #000000;\">Lucie Dufkov\u00e1<\/span><br \/>\n<span style=\"color: #000000;\">Kristi\u00e1n Ji\u0159\u00ed Mike\u0161<\/span><\/h4>\n<h3><img loading=\"lazy\" decoding=\"async\" class=\"instrument aligncenter wp-image-3484\" src=\"https:\/\/nostringsorchestra.cz\/content\/uploads\/media\/trumpet.png\" alt=\"\" width=\"75\" height=\"75\" srcset=\"https:\/\/nostringsorchestra.cz\/content\/uploads\/media\/trumpet.png 220w, https:\/\/nostringsorchestra.cz\/content\/uploads\/media\/trumpet-150x150.png 150w\" sizes=\"auto, (max-width: 75px) 100vw, 75px\" \/><\/h3>\n<h3 style=\"text-align: center;\"><strong><span style=\"color: #000000;\">Trumpets<\/span><\/strong><\/h3>\n<h4 style=\"text-align: center;\">\n<span style=\"color: #000000;\">Radka Luke\u0161ov\u00e1<\/span><br \/>\n<span style=\"color: #000000;\">Jaroslav M\u00fcller<\/span><br \/>\n<span style=\"color: #000000;\">Anton\u00edn Rube\u0161<\/span><br \/>\n<span style=\"color: #000000;\">Vojt\u011bch R\u016f\u017ei\u010dka<\/span><br \/>\n<span style=\"color: #000000;\">Filip Vos\u00e1hlo<\/span><\/h4>\n<h3><img loading=\"lazy\" decoding=\"async\" class=\"instrument aligncenter wp-image-3484\" src=\"https:\/\/nostringsorchestra.cz\/content\/uploads\/media\/trumpet.png\" alt=\"\" width=\"75\" height=\"75\" srcset=\"https:\/\/nostringsorchestra.cz\/content\/uploads\/media\/trumpet.png 220w, https:\/\/nostringsorchestra.cz\/content\/uploads\/media\/trumpet-150x150.png 150w\" sizes=\"auto, (max-width: 75px) 100vw, 75px\" \/><\/h3>\n<h3 style=\"text-align: center;\"><strong><span style=\"color: #000000;\">Flugelhorns<\/span><\/strong><\/h3>\n<h4 style=\"text-align: center;\"><span style=\"color: #000000;\">Jakub Kubi\u0161ta<\/span><br \/>\n<span style=\"color: #000000;\">Jan Rieger<\/span><br \/>\n<span style=\"color: #000000;\">Filip \u0160tolfa<\/span><\/h4>\n<h3><img loading=\"lazy\" decoding=\"async\" class=\"instrument aligncenter wp-image-3483\" src=\"https:\/\/nostringsorchestra.cz\/content\/uploads\/media\/baritone.png\" alt=\"\" width=\"75\" height=\"75\" srcset=\"https:\/\/nostringsorchestra.cz\/content\/uploads\/media\/baritone.png 220w, https:\/\/nostringsorchestra.cz\/content\/uploads\/media\/baritone-150x150.png 150w\" sizes=\"auto, (max-width: 75px) 100vw, 75px\" \/><\/h3>\n<h3 style=\"text-align: center;\"><strong><span style=\"color: #000000;\">Tenors and baritones<\/span><\/strong><\/h3>\n<h4 style=\"text-align: center;\">\n<span style=\"color: #000000;\">Michael Abramov<\/span><br \/>\n<span style=\"color: #000000;\">Roz\u00e1lie Pol\u00e1\u0161kov\u00e1<\/span><br \/>\n<span style=\"color: #000000;\">David Tich\u00fd<\/span><br \/>\n<span style=\"color: #000000;\">David Vl\u010dek<\/span><\/h4>\n<h3><img loading=\"lazy\" decoding=\"async\" class=\"instrument aligncenter wp-image-3483\" src=\"https:\/\/nostringsorchestra.cz\/content\/uploads\/media\/trombone-150x150.png\" alt=\"\" width=\"75\" height=\"75\"><\/h3>\n<h3 style=\"text-align: center;\"><strong><span style=\"color: #000000;\">Trombone<\/span><\/strong><\/h3>\n<h4 style=\"text-align: center;\"><span style=\"color: #000000;\">Zden\u011bk M\u00fcller<\/span><\/h4>\n<h3><img loading=\"lazy\" decoding=\"async\" class=\"instrument aligncenter wp-image-3485\" src=\"https:\/\/nostringsorchestra.cz\/content\/uploads\/media\/bass.png\" alt=\"\" width=\"75\" height=\"75\" srcset=\"https:\/\/nostringsorchestra.cz\/content\/uploads\/media\/bass.png 220w, https:\/\/nostringsorchestra.cz\/content\/uploads\/media\/bass-150x150.png 150w\" sizes=\"auto, (max-width: 75px) 100vw, 75px\" \/><\/h3>\n<h3 style=\"text-align: center;\"><strong><span style=\"color: #000000;\">Tuba<\/span><\/strong><\/h3>\n<h4 style=\"text-align: center;\">\n<span style=\"color: #000000;\">Erik \u010cern\u00fd<\/span><br \/>\n<span style=\"color: #000000;\">Petr Kabele<\/span><\/h4>\n<h3><img loading=\"lazy\" decoding=\"async\" class=\"instrument aligncenter wp-image-3485\" src=\"https:\/\/nostringsorchestra.cz\/content\/uploads\/media\/ebass-300x300.png\" alt=\"\" width=\"75\" height=\"75\"><\/h3>\n<h3 style=\"text-align: center;\"><strong><span style=\"color: #000000;\">Bass guitars<\/span><\/strong><\/h3>\n<h4 style=\"text-align: center;\"><span style=\"color: #000000;\">Franti\u0161ek B\u00edlek<\/span><br \/>\n<span style=\"color: #000000;\">Anna Maroulov\u00e1<\/span><\/h4>\n<h3><img loading=\"lazy\" decoding=\"async\" class=\"instrument aligncenter wp-image-3486\" src=\"https:\/\/nostringsorchestra.cz\/content\/uploads\/media\/piano.png\" alt=\"\" width=\"75\" height=\"75\"><\/h3>\n<h3 style=\"text-align: center;\"><strong><span style=\"color: #000000;\">Piano<\/span><\/strong><\/h3>\n<h4 style=\"text-align: center;\"><span style=\"color: #000000;\">Anna Melicharov\u00e1<\/span><\/h4>\n<h3><img loading=\"lazy\" decoding=\"async\" class=\"instrument aligncenter wp-image-3486\" src=\"https:\/\/nostringsorchestra.cz\/content\/uploads\/media\/drums.png\" alt=\"\" width=\"75\" height=\"75\" srcset=\"https:\/\/nostringsorchestra.cz\/content\/uploads\/media\/drums.png 220w, https:\/\/nostringsorchestra.cz\/content\/uploads\/media\/drums-150x150.png 150w\" sizes=\"auto, (max-width: 75px) 100vw, 75px\" \/><\/h3>\n<h3 style=\"text-align: center;\"><strong><span style=\"color: #000000;\">Drums and percussion<\/span><\/strong><\/h3>\n<h4 style=\"text-align: center;\">\n<span style=\"color: #000000;\">Oliver Ivo Bure\u0161<\/span><br \/>\n<span style=\"color: #000000;\">Maksym Fesenko<\/span><br \/>\n<span style=\"color: #000000;\">Ren\u00e9 Kotal<\/span><br \/>\n<span style=\"color: #000000;\">Petr Munzar<\/span><br \/>\n<span style=\"color: #000000;\">Hana Novotn\u00e1<\/span><br \/>\n<span style=\"color: #000000;\">Ond\u0159ej Sedl\u00e1\u010dek<\/span><\/h4>","protected":false},"excerpt":{"rendered":"<p>Dirigenti Martin Maroul Ond\u0159ej Mejsnar Fl\u00e9tny Krist\u00fdna Ballov\u00e1 Anna Je\u017ekov\u00e1 Eli\u0161ka K\u0159epinsk\u00e1 Tereza R\u016f\u017ei\u010dkov\u00e1 Jakub Saka\u0159 Hoboje Vojt\u011bch Halda Ilona Skoup\u00e1 Klarinety Erik \u010cern\u00fd Imrich Dioszegi Ad\u00e9la Hlavat\u00e1 Filip Krop\u00e1\u010dek \u0160t\u011bp\u00e1n K\u0159epinsk\u00fd Kl\u00e1ra Luk\u00e1\u0161kov\u00e1 Pavla Luk\u00e1\u0161kov\u00e1 Zuzana Mari\u0161lerov\u00e1 Veronika V\u00edtkov\u00e1 Sarah Voigts Saxofony \u0160\u00e1rka Hlavat\u00e1 Hynek M\u00fcller Kl\u00e1ra Rokytov\u00e1 Lesn\u00ed rohy Lucie Dufkov\u00e1 Kristi\u00e1n Ji\u0159\u00ed&hellip; <br \/> <a class=\"read-more\" href=\"https:\/\/nostringsorchestra.cz\/en\/clenove\/\">Read more<\/a><\/p>","protected":false},"author":1,"featured_media":2774,"parent":0,"menu_order":0,"comment_status":"closed","ping_status":"closed","template":"","meta":{"footnotes":""},"class_list":["post-193","page","type-page","status-publish","has-post-thumbnail","hentry"],"yoast_head":"<!-- This site is optimized with the Yoast SEO plugin v27.3 - https:\/\/yoast.com\/product\/yoast-seo-wordpress\/ -->\n<title>\u010clenov\u00e9 &#8211; No Strings Orchestra<\/title>\n<meta name=\"description\" content=\"Seznam \u010dlen\u016f No Strings Orchestra. N\u00e1\u0161 dechov\u00fd orchestr je slo\u017een\u00fd z toho nejlep\u0161\u00edho, co Pardubice nab\u00edz\u00ed. Objevte n\u00e1\u0161 t\u00fdm hudebn\u00edk\u016f!\" \/>\n<meta name=\"robots\" content=\"index, follow, max-snippet:-1, max-image-preview:large, max-video-preview:-1\" \/>\n<link rel=\"canonical\" href=\"https:\/\/nostringsorchestra.cz\/en\/clenove\/\" \/>\n<meta property=\"og:locale\" content=\"en_GB\" \/>\n<meta property=\"og:type\" content=\"article\" \/>\n<meta property=\"og:title\" content=\"\u010clenov\u00e9 &#8211; No Strings Orchestra\" \/>\n<meta property=\"og:description\" content=\"Seznam \u010dlen\u016f No Strings Orchestra. N\u00e1\u0161 dechov\u00fd orchestr je slo\u017een\u00fd z toho nejlep\u0161\u00edho, co Pardubice nab\u00edz\u00ed. Objevte n\u00e1\u0161 t\u00fdm hudebn\u00edk\u016f!\" \/>\n<meta property=\"og:url\" content=\"https:\/\/nostringsorchestra.cz\/en\/clenove\/\" \/>\n<meta property=\"og:site_name\" content=\"No Strings Orchestra\" \/>\n<meta property=\"article:publisher\" content=\"https:\/\/www.facebook.com\/nostringsorchestra\" \/>\n<meta property=\"article:modified_time\" content=\"2025-10-13T01:52:37+00:00\" \/>\n<meta property=\"og:image\" content=\"https:\/\/nostringsorchestra.cz\/content\/uploads\/media\/nso_mestske_slavnosti.jpg\" \/>\n\t<meta property=\"og:image:width\" content=\"1750\" \/>\n\t<meta property=\"og:image:height\" content=\"1167\" \/>\n\t<meta property=\"og:image:type\" content=\"image\/jpeg\" \/>\n<meta name=\"twitter:card\" content=\"summary_large_image\" \/>\n<meta name=\"twitter:label1\" content=\"Estimated reading time\" \/>\n\t<meta name=\"twitter:data1\" content=\"4 minutes\" \/>\n<script type=\"application\/ld+json\" class=\"yoast-schema-graph\">{\"@context\":\"https:\\\/\\\/schema.org\",\"@graph\":[{\"@type\":\"WebPage\",\"@id\":\"https:\\\/\\\/nostringsorchestra.cz\\\/clenove\\\/\",\"url\":\"https:\\\/\\\/nostringsorchestra.cz\\\/clenove\\\/\",\"name\":\"\u010clenov\u00e9 &#8211; No Strings Orchestra\",\"isPartOf\":{\"@id\":\"https:\\\/\\\/nostringsorchestra.cz\\\/#website\"},\"primaryImageOfPage\":{\"@id\":\"https:\\\/\\\/nostringsorchestra.cz\\\/clenove\\\/#primaryimage\"},\"image\":{\"@id\":\"https:\\\/\\\/nostringsorchestra.cz\\\/clenove\\\/#primaryimage\"},\"thumbnailUrl\":\"https:\\\/\\\/nostringsorchestra.cz\\\/content\\\/uploads\\\/media\\\/nso_mestske_slavnosti.jpg\",\"datePublished\":\"2020-08-20T20:10:12+00:00\",\"dateModified\":\"2025-10-13T01:52:37+00:00\",\"description\":\"Seznam \u010dlen\u016f No Strings Orchestra. N\u00e1\u0161 dechov\u00fd orchestr je slo\u017een\u00fd z toho nejlep\u0161\u00edho, co Pardubice nab\u00edz\u00ed. Objevte n\u00e1\u0161 t\u00fdm hudebn\u00edk\u016f!\",\"breadcrumb\":{\"@id\":\"https:\\\/\\\/nostringsorchestra.cz\\\/clenove\\\/#breadcrumb\"},\"inLanguage\":\"en-GB\",\"potentialAction\":[{\"@type\":\"ReadAction\",\"target\":[\"https:\\\/\\\/nostringsorchestra.cz\\\/clenove\\\/\"]}]},{\"@type\":\"ImageObject\",\"inLanguage\":\"en-GB\",\"@id\":\"https:\\\/\\\/nostringsorchestra.cz\\\/clenove\\\/#primaryimage\",\"url\":\"https:\\\/\\\/nostringsorchestra.cz\\\/content\\\/uploads\\\/media\\\/nso_mestske_slavnosti.jpg\",\"contentUrl\":\"https:\\\/\\\/nostringsorchestra.cz\\\/content\\\/uploads\\\/media\\\/nso_mestske_slavnosti.jpg\",\"width\":1750,\"height\":1167,\"caption\":\"Dechov\u00fd orchestr vystupuj\u00edc\u00ed na M\u011bstsk\u00fdch slavnostech v Pardubic\u00edch dne 13. 10. 2019.\"},{\"@type\":\"BreadcrumbList\",\"@id\":\"https:\\\/\\\/nostringsorchestra.cz\\\/clenove\\\/#breadcrumb\",\"itemListElement\":[{\"@type\":\"ListItem\",\"position\":1,\"name\":\"Dom\u016f\",\"item\":\"https:\\\/\\\/nostringsorchestra.cz\\\/\"},{\"@type\":\"ListItem\",\"position\":2,\"name\":\"\u010clenov\u00e9\"}]},{\"@type\":\"WebSite\",\"@id\":\"https:\\\/\\\/nostringsorchestra.cz\\\/#website\",\"url\":\"https:\\\/\\\/nostringsorchestra.cz\\\/\",\"name\":\"No Strings Orchestra\",\"description\":\"pardubick\u00fd NeSmy\u010dcov\u00fd Orchestr\",\"publisher\":{\"@id\":\"https:\\\/\\\/nostringsorchestra.cz\\\/#organization\"},\"potentialAction\":[{\"@type\":\"SearchAction\",\"target\":{\"@type\":\"EntryPoint\",\"urlTemplate\":\"https:\\\/\\\/nostringsorchestra.cz\\\/?s={search_term_string}\"},\"query-input\":{\"@type\":\"PropertyValueSpecification\",\"valueRequired\":true,\"valueName\":\"search_term_string\"}}],\"inLanguage\":\"en-GB\"},{\"@type\":\"Organization\",\"@id\":\"https:\\\/\\\/nostringsorchestra.cz\\\/#organization\",\"name\":\"No Strings Orchestra\",\"url\":\"https:\\\/\\\/nostringsorchestra.cz\\\/\",\"logo\":{\"@type\":\"ImageObject\",\"inLanguage\":\"en-GB\",\"@id\":\"https:\\\/\\\/nostringsorchestra.cz\\\/#\\\/schema\\\/logo\\\/image\\\/\",\"url\":\"https:\\\/\\\/nostringsorchestra.cz\\\/content\\\/uploads\\\/media\\\/nso_logo.jpg\",\"contentUrl\":\"https:\\\/\\\/nostringsorchestra.cz\\\/content\\\/uploads\\\/media\\\/nso_logo.jpg\",\"width\":1080,\"height\":1080,\"caption\":\"No Strings Orchestra\"},\"image\":{\"@id\":\"https:\\\/\\\/nostringsorchestra.cz\\\/#\\\/schema\\\/logo\\\/image\\\/\"},\"sameAs\":[\"https:\\\/\\\/www.facebook.com\\\/nostringsorchestra\",\"https:\\\/\\\/www.instagram.com\\\/nostringsorchestra\",\"https:\\\/\\\/www.youtube.com\\\/channel\\\/UCJLCy9n3PdVI9jwgJK2CmjA\\\/\"]}]}<\/script>\n<!-- \/ Yoast SEO plugin. -->","yoast_head_json":{"title":"\u010clenov\u00e9 &#8211; No Strings Orchestra","description":"Seznam \u010dlen\u016f No Strings Orchestra. N\u00e1\u0161 dechov\u00fd orchestr je slo\u017een\u00fd z toho nejlep\u0161\u00edho, co Pardubice nab\u00edz\u00ed. Objevte n\u00e1\u0161 t\u00fdm hudebn\u00edk\u016f!","robots":{"index":"index","follow":"follow","max-snippet":"max-snippet:-1","max-image-preview":"max-image-preview:large","max-video-preview":"max-video-preview:-1"},"canonical":"https:\/\/nostringsorchestra.cz\/en\/clenove\/","og_locale":"en_GB","og_type":"article","og_title":"\u010clenov\u00e9 &#8211; No Strings Orchestra","og_description":"Seznam \u010dlen\u016f No Strings Orchestra. N\u00e1\u0161 dechov\u00fd orchestr je slo\u017een\u00fd z toho nejlep\u0161\u00edho, co Pardubice nab\u00edz\u00ed. Objevte n\u00e1\u0161 t\u00fdm hudebn\u00edk\u016f!","og_url":"https:\/\/nostringsorchestra.cz\/en\/clenove\/","og_site_name":"No Strings Orchestra","article_publisher":"https:\/\/www.facebook.com\/nostringsorchestra","article_modified_time":"2025-10-13T01:52:37+00:00","og_image":[{"width":1750,"height":1167,"url":"https:\/\/nostringsorchestra.cz\/content\/uploads\/media\/nso_mestske_slavnosti.jpg","type":"image\/jpeg"}],"twitter_card":"summary_large_image","twitter_misc":{"Estimated reading time":"4 minutes"},"schema":{"@context":"https:\/\/schema.org","@graph":[{"@type":"WebPage","@id":"https:\/\/nostringsorchestra.cz\/clenove\/","url":"https:\/\/nostringsorchestra.cz\/clenove\/","name":"\u010clenov\u00e9 &#8211; No Strings Orchestra","isPartOf":{"@id":"https:\/\/nostringsorchestra.cz\/#website"},"primaryImageOfPage":{"@id":"https:\/\/nostringsorchestra.cz\/clenove\/#primaryimage"},"image":{"@id":"https:\/\/nostringsorchestra.cz\/clenove\/#primaryimage"},"thumbnailUrl":"https:\/\/nostringsorchestra.cz\/content\/uploads\/media\/nso_mestske_slavnosti.jpg","datePublished":"2020-08-20T20:10:12+00:00","dateModified":"2025-10-13T01:52:37+00:00","description":"Seznam \u010dlen\u016f No Strings Orchestra. N\u00e1\u0161 dechov\u00fd orchestr je slo\u017een\u00fd z toho nejlep\u0161\u00edho, co Pardubice nab\u00edz\u00ed. Objevte n\u00e1\u0161 t\u00fdm hudebn\u00edk\u016f!","breadcrumb":{"@id":"https:\/\/nostringsorchestra.cz\/clenove\/#breadcrumb"},"inLanguage":"en-GB","potentialAction":[{"@type":"ReadAction","target":["https:\/\/nostringsorchestra.cz\/clenove\/"]}]},{"@type":"ImageObject","inLanguage":"en-GB","@id":"https:\/\/nostringsorchestra.cz\/clenove\/#primaryimage","url":"https:\/\/nostringsorchestra.cz\/content\/uploads\/media\/nso_mestske_slavnosti.jpg","contentUrl":"https:\/\/nostringsorchestra.cz\/content\/uploads\/media\/nso_mestske_slavnosti.jpg","width":1750,"height":1167,"caption":"Dechov\u00fd orchestr vystupuj\u00edc\u00ed na M\u011bstsk\u00fdch slavnostech v Pardubic\u00edch dne 13. 10. 2019."},{"@type":"BreadcrumbList","@id":"https:\/\/nostringsorchestra.cz\/clenove\/#breadcrumb","itemListElement":[{"@type":"ListItem","position":1,"name":"Dom\u016f","item":"https:\/\/nostringsorchestra.cz\/"},{"@type":"ListItem","position":2,"name":"\u010clenov\u00e9"}]},{"@type":"WebSite","@id":"https:\/\/nostringsorchestra.cz\/#website","url":"https:\/\/nostringsorchestra.cz\/","name":"No Strings Orchestra","description":"pardubick\u00fd NeSmy\u010dcov\u00fd Orchestr","publisher":{"@id":"https:\/\/nostringsorchestra.cz\/#organization"},"potentialAction":[{"@type":"SearchAction","target":{"@type":"EntryPoint","urlTemplate":"https:\/\/nostringsorchestra.cz\/?s={search_term_string}"},"query-input":{"@type":"PropertyValueSpecification","valueRequired":true,"valueName":"search_term_string"}}],"inLanguage":"en-GB"},{"@type":"Organization","@id":"https:\/\/nostringsorchestra.cz\/#organization","name":"No Strings Orchestra","url":"https:\/\/nostringsorchestra.cz\/","logo":{"@type":"ImageObject","inLanguage":"en-GB","@id":"https:\/\/nostringsorchestra.cz\/#\/schema\/logo\/image\/","url":"https:\/\/nostringsorchestra.cz\/content\/uploads\/media\/nso_logo.jpg","contentUrl":"https:\/\/nostringsorchestra.cz\/content\/uploads\/media\/nso_logo.jpg","width":1080,"height":1080,"caption":"No Strings Orchestra"},"image":{"@id":"https:\/\/nostringsorchestra.cz\/#\/schema\/logo\/image\/"},"sameAs":["https:\/\/www.facebook.com\/nostringsorchestra","https:\/\/www.instagram.com\/nostringsorchestra","https:\/\/www.youtube.com\/channel\/UCJLCy9n3PdVI9jwgJK2CmjA\/"]}]}},"_links":{"self":[{"href":"https:\/\/nostringsorchestra.cz\/en\/wp-json\/wp\/v2\/pages\/193","targetHints":{"allow":["GET"]}}],"collection":[{"href":"https:\/\/nostringsorchestra.cz\/en\/wp-json\/wp\/v2\/pages"}],"about":[{"href":"https:\/\/nostringsorchestra.cz\/en\/wp-json\/wp\/v2\/types\/page"}],"author":[{"embeddable":true,"href":"https:\/\/nostringsorchestra.cz\/en\/wp-json\/wp\/v2\/users\/1"}],"replies":[{"embeddable":true,"href":"https:\/\/nostringsorchestra.cz\/en\/wp-json\/wp\/v2\/comments?post=193"}],"version-history":[{"count":126,"href":"https:\/\/nostringsorchestra.cz\/en\/wp-json\/wp\/v2\/pages\/193\/revisions"}],"predecessor-version":[{"id":5365,"href":"https:\/\/nostringsorchestra.cz\/en\/wp-json\/wp\/v2\/pages\/193\/revisions\/5365"}],"wp:featuredmedia":[{"embeddable":true,"href":"https:\/\/nostringsorchestra.cz\/en\/wp-json\/wp\/v2\/media\/2774"}],"wp:attachment":[{"href":"https:\/\/nostringsorchestra.cz\/en\/wp-json\/wp\/v2\/media?parent=193"}],"curies":[{"name":"wp","href":"https:\/\/api.w.org\/{rel}","templated":true}]}}