{"id":2082,"date":"2020-08-27T22:19:40","date_gmt":"2020-08-27T20:19:40","guid":{"rendered":"https:\/\/nostringsorchestra.cz\/?page_id=2082"},"modified":"2026-04-16T14:14:25","modified_gmt":"2026-04-16T12:14:25","slug":"pro-cleny","status":"publish","type":"page","link":"https:\/\/nostringsorchestra.cz\/en\/pro-cleny\/","title":{"rendered":"For members"},"content":{"rendered":"","protected":true},"excerpt":{"rendered":"","protected":true},"author":1,"featured_media":2782,"parent":0,"menu_order":0,"comment_status":"closed","ping_status":"closed","template":"","meta":{"footnotes":""},"class_list":["post-2082","page","type-page","status-publish","post-password-required","hentry"],"yoast_head":"<!-- This site is optimized with the Yoast SEO plugin v27.3 - https:\/\/yoast.com\/product\/yoast-seo-wordpress\/ -->\n<title>Pro \u010dleny &#8211; No Strings Orchestra<\/title>\n<meta name=\"robots\" content=\"noindex, nofollow\" \/>\n<meta property=\"og:locale\" content=\"en_GB\" \/>\n<meta property=\"og:type\" content=\"article\" \/>\n<meta property=\"og:title\" content=\"Pro \u010dleny &#8211; No Strings Orchestra\" \/>\n<meta property=\"og:description\" content=\"There is no excerpt because this is a protected post.\" \/>\n<meta property=\"og:url\" content=\"https:\/\/nostringsorchestra.cz\/en\/pro-cleny\/\" \/>\n<meta property=\"og:site_name\" content=\"No Strings Orchestra\" \/>\n<meta property=\"article:publisher\" content=\"https:\/\/www.facebook.com\/nostringsorchestra\" \/>\n<meta property=\"article:modified_time\" content=\"2026-04-16T12:14:25+00:00\" \/>\n<meta name=\"twitter:card\" content=\"summary_large_image\" \/>\n<meta name=\"twitter:label1\" content=\"Estimated reading time\" \/>\n\t<meta name=\"twitter:data1\" content=\"2 minutes\" \/>\n<script type=\"application\/ld+json\" class=\"yoast-schema-graph\">{\"@context\":\"https:\\\/\\\/schema.org\",\"@graph\":[{\"@type\":\"WebPage\",\"@id\":\"https:\\\/\\\/nostringsorchestra.cz\\\/pro-cleny\\\/\",\"url\":\"https:\\\/\\\/nostringsorchestra.cz\\\/pro-cleny\\\/\",\"name\":\"Pro \u010dleny &#8211; No Strings Orchestra\",\"isPartOf\":{\"@id\":\"https:\\\/\\\/nostringsorchestra.cz\\\/#website\"},\"datePublished\":\"2020-08-27T20:19:40+00:00\",\"dateModified\":\"2026-04-16T12:14:25+00:00\",\"breadcrumb\":{\"@id\":\"https:\\\/\\\/nostringsorchestra.cz\\\/pro-cleny\\\/#breadcrumb\"},\"inLanguage\":\"en-GB\"},{\"@type\":\"WebSite\",\"@id\":\"https:\\\/\\\/nostringsorchestra.cz\\\/#website\",\"url\":\"https:\\\/\\\/nostringsorchestra.cz\\\/\",\"name\":\"No Strings Orchestra\",\"description\":\"pardubick\u00fd NeSmy\u010dcov\u00fd Orchestr\",\"publisher\":{\"@id\":\"https:\\\/\\\/nostringsorchestra.cz\\\/#organization\"},\"potentialAction\":[{\"@type\":\"SearchAction\",\"target\":{\"@type\":\"EntryPoint\",\"urlTemplate\":\"https:\\\/\\\/nostringsorchestra.cz\\\/?s={search_term_string}\"},\"query-input\":{\"@type\":\"PropertyValueSpecification\",\"valueRequired\":true,\"valueName\":\"search_term_string\"}}],\"inLanguage\":\"en-GB\"},{\"@type\":\"Organization\",\"@id\":\"https:\\\/\\\/nostringsorchestra.cz\\\/#organization\",\"name\":\"No Strings Orchestra\",\"url\":\"https:\\\/\\\/nostringsorchestra.cz\\\/\",\"logo\":{\"@type\":\"ImageObject\",\"inLanguage\":\"en-GB\",\"@id\":\"https:\\\/\\\/nostringsorchestra.cz\\\/#\\\/schema\\\/logo\\\/image\\\/\",\"url\":\"https:\\\/\\\/nostringsorchestra.cz\\\/content\\\/uploads\\\/media\\\/nso_logo.jpg\",\"contentUrl\":\"https:\\\/\\\/nostringsorchestra.cz\\\/content\\\/uploads\\\/media\\\/nso_logo.jpg\",\"width\":1080,\"height\":1080,\"caption\":\"No Strings Orchestra\"},\"image\":{\"@id\":\"https:\\\/\\\/nostringsorchestra.cz\\\/#\\\/schema\\\/logo\\\/image\\\/\"},\"sameAs\":[\"https:\\\/\\\/www.facebook.com\\\/nostringsorchestra\",\"https:\\\/\\\/www.instagram.com\\\/nostringsorchestra\",\"https:\\\/\\\/www.youtube.com\\\/channel\\\/UCJLCy9n3PdVI9jwgJK2CmjA\\\/\"]}]}<\/script>\n<!-- \/ Yoast SEO plugin. -->","yoast_head_json":{"title":"Pro \u010dleny &#8211; No Strings Orchestra","robots":{"index":"noindex","follow":"nofollow"},"og_locale":"en_GB","og_type":"article","og_title":"Pro \u010dleny &#8211; No Strings Orchestra","og_description":"There is no excerpt because this is a protected post.","og_url":"https:\/\/nostringsorchestra.cz\/en\/pro-cleny\/","og_site_name":"No Strings Orchestra","article_publisher":"https:\/\/www.facebook.com\/nostringsorchestra","article_modified_time":"2026-04-16T12:14:25+00:00","twitter_card":"summary_large_image","twitter_misc":{"Estimated reading time":"2 minutes"},"schema":{"@context":"https:\/\/schema.org","@graph":[{"@type":"WebPage","@id":"https:\/\/nostringsorchestra.cz\/pro-cleny\/","url":"https:\/\/nostringsorchestra.cz\/pro-cleny\/","name":"Pro \u010dleny &#8211; No Strings Orchestra","isPartOf":{"@id":"https:\/\/nostringsorchestra.cz\/#website"},"datePublished":"2020-08-27T20:19:40+00:00","dateModified":"2026-04-16T12:14:25+00:00","breadcrumb":{"@id":"https:\/\/nostringsorchestra.cz\/pro-cleny\/#breadcrumb"},"inLanguage":"en-GB"},{"@type":"WebSite","@id":"https:\/\/nostringsorchestra.cz\/#website","url":"https:\/\/nostringsorchestra.cz\/","name":"No Strings Orchestra","description":"pardubick\u00fd NeSmy\u010dcov\u00fd Orchestr","publisher":{"@id":"https:\/\/nostringsorchestra.cz\/#organization"},"potentialAction":[{"@type":"SearchAction","target":{"@type":"EntryPoint","urlTemplate":"https:\/\/nostringsorchestra.cz\/?s={search_term_string}"},"query-input":{"@type":"PropertyValueSpecification","valueRequired":true,"valueName":"search_term_string"}}],"inLanguage":"en-GB"},{"@type":"Organization","@id":"https:\/\/nostringsorchestra.cz\/#organization","name":"No Strings Orchestra","url":"https:\/\/nostringsorchestra.cz\/","logo":{"@type":"ImageObject","inLanguage":"en-GB","@id":"https:\/\/nostringsorchestra.cz\/#\/schema\/logo\/image\/","url":"https:\/\/nostringsorchestra.cz\/content\/uploads\/media\/nso_logo.jpg","contentUrl":"https:\/\/nostringsorchestra.cz\/content\/uploads\/media\/nso_logo.jpg","width":1080,"height":1080,"caption":"No Strings Orchestra"},"image":{"@id":"https:\/\/nostringsorchestra.cz\/#\/schema\/logo\/image\/"},"sameAs":["https:\/\/www.facebook.com\/nostringsorchestra","https:\/\/www.instagram.com\/nostringsorchestra","https:\/\/www.youtube.com\/channel\/UCJLCy9n3PdVI9jwgJK2CmjA\/"]}]}},"_links":{"self":[{"href":"https:\/\/nostringsorchestra.cz\/en\/wp-json\/wp\/v2\/pages\/2082","targetHints":{"allow":["GET"]}}],"collection":[{"href":"https:\/\/nostringsorchestra.cz\/en\/wp-json\/wp\/v2\/pages"}],"about":[{"href":"https:\/\/nostringsorchestra.cz\/en\/wp-json\/wp\/v2\/types\/page"}],"author":[{"embeddable":true,"href":"https:\/\/nostringsorchestra.cz\/en\/wp-json\/wp\/v2\/users\/1"}],"replies":[{"embeddable":true,"href":"https:\/\/nostringsorchestra.cz\/en\/wp-json\/wp\/v2\/comments?post=2082"}],"version-history":[{"count":458,"href":"https:\/\/nostringsorchestra.cz\/en\/wp-json\/wp\/v2\/pages\/2082\/revisions"}],"predecessor-version":[{"id":5597,"href":"https:\/\/nostringsorchestra.cz\/en\/wp-json\/wp\/v2\/pages\/2082\/revisions\/5597"}],"wp:featuredmedia":[{"embeddable":true,"href":"https:\/\/nostringsorchestra.cz\/en\/wp-json\/wp\/v2\/media\/2782"}],"wp:attachment":[{"href":"https:\/\/nostringsorchestra.cz\/en\/wp-json\/wp\/v2\/media?parent=2082"}],"curies":[{"name":"wp","href":"https:\/\/api.w.org\/{rel}","templated":true}]}}