{"id":2553,"date":"2020-09-07T21:10:41","date_gmt":"2020-09-07T19:10:41","guid":{"rendered":"https:\/\/nostringsorchestra.cz\/?page_id=2553"},"modified":"2025-03-31T18:17:57","modified_gmt":"2025-03-31T16:17:57","slug":"akce","status":"publish","type":"page","link":"https:\/\/nostringsorchestra.cz\/en\/akce\/","title":{"rendered":"Events"},"content":{"rendered":"<p class=\"has-text-align-center has-black-color has-text-color\">Right here you can look up all our planned concerts of <strong>No Strings Orchestra<\/strong>. Mark the dates so you don't miss any! \ud83d\ude09<\/p>\n\n\n\n<hr class=\"wp-block-separator\"\/>\n\n\n\n<div style=\"height:52px\" aria-hidden=\"true\" class=\"wp-block-spacer\"><\/div>\n\n\n<div class=\"mec-wrap mec-skin-timeline-container\" id=\"mec_skin_4605\">\r\n    \r\n        \r\n        <div class=\"mec-skin-timeline-events-container\" id=\"mec_skin_events_4605\">\r\n        <div class=\"mec-events-timeline-wrap mec-wrap colorskin-custom\">\r\n\r\n    \r\n    <div class=\"mec-timeline-events-container\">\r\n                        <div class=\"mec-timeline-event clearfix\">\r\n                    <div class=\"mec-timeline-event-date mec-color\">21. May 2026 <\/div>\r\n                    <div class=\"mec-timeline-event-content\">\r\n                        <div class=\"clearfix\">\r\n                            <div class=\"mec-timeline-right-content\">\r\n                                <div class=\"mec-timeline-event-image\"><a data-event-id=\"5423\" href=\"https:\/\/nostringsorchestra.cz\/en\/akce\/zus-open-pardubice-2026\/\" target=\"_self\" rel=\"noopener\"><img loading=\"lazy\" decoding=\"async\" width=\"300\" height=\"300\" src=\"https:\/\/nostringsorchestra.cz\/content\/uploads\/media\/Logo_ZUS_OPEN-03-300x300.jpg\" class=\"attachment-thumblist size-thumblist wp-post-image\" alt=\"\" data-mec-postid=\"5423\" \/><\/a><\/div>\r\n                            <\/div>\r\n                            <div class=\"mec-timeline-left-content\">\r\n                                <div class=\"mec-timeline-main-content\">\r\n                                                                        <h4 class=\"mec-event-title\"><a class=\"mec-color-hover\" data-event-id=\"5423\" href=\"https:\/\/nostringsorchestra.cz\/en\/akce\/zus-open-pardubice-2026\/\" target=\"_self\" rel=\"noopener\">ZU\u0160 Open Pardubice 2026<\/a><span class=\"event-color\" style=\"background: #\"><\/span><\/h4>\r\n                                                                        <p><\/p>\r\n                                                                                                            <div class=\"mec-timeline-event-details\">\r\n                                        <div class=\"mec-timeline-event-time mec-color\">\r\n                                            <i class=\"mec-sl-clock\"><\/i><div class=\"mec-time-details\"><span class=\"mec-start-time\">18:00<\/span> - <span class=\"mec-end-time\">20:00<\/span><\/div>                                        <\/div>\r\n                                    <\/div>\r\n                                                                            <div class=\"mec-timeline-event-details\">\r\n                                            <div class=\"mec-timeline-event-location mec-color\">\r\n                                                <address class=\"mec-timeline-event-address\"><i class=\"mec-sl-location-pin\"><\/i><span>Sukova t\u0159\u00edda 1260, Pardubice<\/span><\/address>\r\n                                            <\/div>\r\n                                        <\/div>\r\n                                                                                                                                        <\/div>\r\n                            <\/div>\r\n                        <\/div>\r\n                        <a class=\"mec-booking-button mec-timeline-readmore mec-bg-color\" data-event-id=\"5423\" href=\"https:\/\/nostringsorchestra.cz\/en\/akce\/zus-open-pardubice-2026\/\" target=\"_self\" rel=\"noopener\">View Details<i class=\"mec-sl-arrow-right\"><\/i><\/a>                    <\/div>\r\n                <\/div>\r\n                \r\n            <\/div>\r\n    \r\n\r\n    \r\n    <div class=\"mec-timeline-events-container\">\r\n                        <div class=\"mec-timeline-event clearfix\">\r\n                    <div class=\"mec-timeline-event-date mec-color\">26. May 2026 <\/div>\r\n                    <div class=\"mec-timeline-event-content\">\r\n                        <div class=\"clearfix\">\r\n                            <div class=\"mec-timeline-right-content\">\r\n                                <div class=\"mec-timeline-event-image\"><a data-event-id=\"5424\" href=\"https:\/\/nostringsorchestra.cz\/en\/akce\/zus-open-usti-nad-orlici-2026\/\" target=\"_self\" rel=\"noopener\"><img loading=\"lazy\" decoding=\"async\" width=\"300\" height=\"300\" src=\"https:\/\/nostringsorchestra.cz\/content\/uploads\/media\/Logo_ZUS_OPEN-03-300x300.jpg\" class=\"attachment-thumblist size-thumblist wp-post-image\" alt=\"\" data-mec-postid=\"5424\" \/><\/a><\/div>\r\n                            <\/div>\r\n                            <div class=\"mec-timeline-left-content\">\r\n                                <div class=\"mec-timeline-main-content\">\r\n                                                                        <h4 class=\"mec-event-title\"><a class=\"mec-color-hover\" data-event-id=\"5424\" href=\"https:\/\/nostringsorchestra.cz\/en\/akce\/zus-open-usti-nad-orlici-2026\/\" target=\"_self\" rel=\"noopener\">ZU\u0160 Open \u00dast\u00ed nad Orlic\u00ed 2026<\/a><span class=\"event-color\" style=\"background: #\"><\/span><\/h4>\r\n                                                                        <p><\/p>\r\n                                                                                                            <div class=\"mec-timeline-event-details\">\r\n                                        <div class=\"mec-timeline-event-time mec-color\">\r\n                                            <i class=\"mec-sl-clock\"><\/i><div class=\"mec-time-details\"><span class=\"mec-start-time\">18:00<\/span> - <span class=\"mec-end-time\">20:00<\/span><\/div>                                        <\/div>\r\n                                    <\/div>\r\n                                                                                                    <\/div>\r\n                            <\/div>\r\n                        <\/div>\r\n                        <a class=\"mec-booking-button mec-timeline-readmore mec-bg-color\" data-event-id=\"5424\" href=\"https:\/\/nostringsorchestra.cz\/en\/akce\/zus-open-usti-nad-orlici-2026\/\" target=\"_self\" rel=\"noopener\">View Details<i class=\"mec-sl-arrow-right\"><\/i><\/a>                    <\/div>\r\n                <\/div>\r\n                \r\n            <\/div>\r\n    \r\n\r\n    \r\n    <div class=\"mec-timeline-events-container\">\r\n                        <div class=\"mec-timeline-event clearfix\">\r\n                    <div class=\"mec-timeline-event-date mec-color\">30. May 2026 <\/div>\r\n                    <div class=\"mec-timeline-event-content\">\r\n                        <div class=\"clearfix\">\r\n                            <div class=\"mec-timeline-right-content\">\r\n                                <div class=\"mec-timeline-event-image\"><a data-event-id=\"5415\" href=\"https:\/\/nostringsorchestra.cz\/en\/akce\/koncert-v-holicich\/\" target=\"_self\" rel=\"noopener\"><\/a><\/div>\r\n                            <\/div>\r\n                            <div class=\"mec-timeline-left-content\">\r\n                                <div class=\"mec-timeline-main-content\">\r\n                                                                        <h4 class=\"mec-event-title\"><a class=\"mec-color-hover\" data-event-id=\"5415\" href=\"https:\/\/nostringsorchestra.cz\/en\/akce\/koncert-v-holicich\/\" target=\"_self\" rel=\"noopener\">Koncert v Holic\u00edch<\/a><span class=\"event-color\" style=\"background: #\"><\/span><\/h4>\r\n                                                                        <p><\/p>\r\n                                                                                                            <div class=\"mec-timeline-event-details\">\r\n                                        <div class=\"mec-timeline-event-time mec-color\">\r\n                                            <i class=\"mec-sl-clock\"><\/i><div class=\"mec-time-details\"><span class=\"mec-start-time\">17:00<\/span> - <span class=\"mec-end-time\">19:00<\/span><\/div>                                        <\/div>\r\n                                    <\/div>\r\n                                                                                                    <\/div>\r\n                            <\/div>\r\n                        <\/div>\r\n                        <a class=\"mec-booking-button mec-timeline-readmore mec-bg-color\" data-event-id=\"5415\" href=\"https:\/\/nostringsorchestra.cz\/en\/akce\/koncert-v-holicich\/\" target=\"_self\" rel=\"noopener\">View Details<i class=\"mec-sl-arrow-right\"><\/i><\/a>                    <\/div>\r\n                <\/div>\r\n                \r\n            <\/div>\r\n    \r\n<\/div>    <\/div>\r\n    <div class=\"mec-skin-timeline-no-events-container mec-util-hidden\" id=\"mec_skin_no_events_4605\">\r\n        No event found!    <\/div>\r\n        \r\n        \r\n<\/div>\n\n\n<p><\/p>","protected":false},"excerpt":{"rendered":"<p>Na t\u00e9to str\u00e1nce naleznete p\u0159ehled v\u0161ech pl\u00e1novan\u00fdch akc\u00ed a vystoupen\u00ed No Strings Orchestra. Zapi\u0161te si v\u0161e do kalend\u00e1\u0159e, a\u0165 o nic nep\u0159ijdete! \ud83d\ude09<\/p>","protected":false},"author":2,"featured_media":2774,"parent":0,"menu_order":0,"comment_status":"closed","ping_status":"closed","template":"","meta":{"footnotes":""},"class_list":["post-2553","page","type-page","status-publish","has-post-thumbnail","hentry"],"yoast_head":"<!-- This site is optimized with the Yoast SEO plugin v27.3 - https:\/\/yoast.com\/product\/yoast-seo-wordpress\/ -->\n<title>Akce &#8211; No Strings Orchestra<\/title>\n<meta name=\"description\" content=\"Rozvrh v\u0161ech pl\u00e1novan\u00fdch akc\u00ed orchestru No Strings Orchestra! Prohl\u00e9dni si rozvrh v\u0161ech pl\u00e1novan\u00fdch akc\u00ed a zapi\u0161 si je do kalend\u00e1\u0159e.\" \/>\n<meta name=\"robots\" content=\"index, follow, max-snippet:-1, max-image-preview:large, max-video-preview:-1\" \/>\n<link rel=\"canonical\" href=\"https:\/\/nostringsorchestra.cz\/en\/akce\/\" \/>\n<meta property=\"og:locale\" content=\"en_GB\" \/>\n<meta property=\"og:type\" content=\"article\" \/>\n<meta property=\"og:title\" content=\"Akce &#8211; No Strings Orchestra\" \/>\n<meta property=\"og:description\" content=\"Rozvrh v\u0161ech pl\u00e1novan\u00fdch akc\u00ed orchestru No Strings Orchestra! Prohl\u00e9dni si rozvrh v\u0161ech pl\u00e1novan\u00fdch akc\u00ed a zapi\u0161 si je do kalend\u00e1\u0159e.\" \/>\n<meta property=\"og:url\" content=\"https:\/\/nostringsorchestra.cz\/en\/akce\/\" \/>\n<meta property=\"og:site_name\" content=\"No Strings Orchestra\" \/>\n<meta property=\"article:publisher\" content=\"https:\/\/www.facebook.com\/nostringsorchestra\" \/>\n<meta property=\"article:modified_time\" content=\"2025-03-31T16:17:57+00:00\" \/>\n<meta property=\"og:image\" content=\"https:\/\/nostringsorchestra.cz\/content\/uploads\/media\/nso_mestske_slavnosti.jpg\" \/>\n\t<meta property=\"og:image:width\" content=\"1750\" \/>\n\t<meta property=\"og:image:height\" content=\"1167\" \/>\n\t<meta property=\"og:image:type\" content=\"image\/jpeg\" \/>\n<meta name=\"twitter:card\" content=\"summary_large_image\" \/>\n<meta name=\"twitter:label1\" content=\"Estimated reading time\" \/>\n\t<meta name=\"twitter:data1\" content=\"1 minute\" \/>\n<script type=\"application\/ld+json\" class=\"yoast-schema-graph\">{\"@context\":\"https:\\\/\\\/schema.org\",\"@graph\":[{\"@type\":\"WebPage\",\"@id\":\"https:\\\/\\\/nostringsorchestra.cz\\\/akce\\\/\",\"url\":\"https:\\\/\\\/nostringsorchestra.cz\\\/akce\\\/\",\"name\":\"Akce &#8211; No Strings Orchestra\",\"isPartOf\":{\"@id\":\"https:\\\/\\\/nostringsorchestra.cz\\\/#website\"},\"primaryImageOfPage\":{\"@id\":\"https:\\\/\\\/nostringsorchestra.cz\\\/akce\\\/#primaryimage\"},\"image\":{\"@id\":\"https:\\\/\\\/nostringsorchestra.cz\\\/akce\\\/#primaryimage\"},\"thumbnailUrl\":\"https:\\\/\\\/nostringsorchestra.cz\\\/content\\\/uploads\\\/media\\\/nso_mestske_slavnosti.jpg\",\"datePublished\":\"2020-09-07T19:10:41+00:00\",\"dateModified\":\"2025-03-31T16:17:57+00:00\",\"description\":\"Rozvrh v\u0161ech pl\u00e1novan\u00fdch akc\u00ed orchestru No Strings Orchestra! Prohl\u00e9dni si rozvrh v\u0161ech pl\u00e1novan\u00fdch akc\u00ed a zapi\u0161 si je do kalend\u00e1\u0159e.\",\"breadcrumb\":{\"@id\":\"https:\\\/\\\/nostringsorchestra.cz\\\/akce\\\/#breadcrumb\"},\"inLanguage\":\"en-GB\",\"potentialAction\":[{\"@type\":\"ReadAction\",\"target\":[\"https:\\\/\\\/nostringsorchestra.cz\\\/akce\\\/\"]}]},{\"@type\":\"ImageObject\",\"inLanguage\":\"en-GB\",\"@id\":\"https:\\\/\\\/nostringsorchestra.cz\\\/akce\\\/#primaryimage\",\"url\":\"https:\\\/\\\/nostringsorchestra.cz\\\/content\\\/uploads\\\/media\\\/nso_mestske_slavnosti.jpg\",\"contentUrl\":\"https:\\\/\\\/nostringsorchestra.cz\\\/content\\\/uploads\\\/media\\\/nso_mestske_slavnosti.jpg\",\"width\":1750,\"height\":1167,\"caption\":\"Dechov\u00fd orchestr vystupuj\u00edc\u00ed na M\u011bstsk\u00fdch slavnostech v Pardubic\u00edch dne 13. 10. 2019.\"},{\"@type\":\"BreadcrumbList\",\"@id\":\"https:\\\/\\\/nostringsorchestra.cz\\\/akce\\\/#breadcrumb\",\"itemListElement\":[{\"@type\":\"ListItem\",\"position\":1,\"name\":\"Dom\u016f\",\"item\":\"https:\\\/\\\/nostringsorchestra.cz\\\/\"},{\"@type\":\"ListItem\",\"position\":2,\"name\":\"Akce\"}]},{\"@type\":\"WebSite\",\"@id\":\"https:\\\/\\\/nostringsorchestra.cz\\\/#website\",\"url\":\"https:\\\/\\\/nostringsorchestra.cz\\\/\",\"name\":\"No Strings Orchestra\",\"description\":\"pardubick\u00fd NeSmy\u010dcov\u00fd Orchestr\",\"publisher\":{\"@id\":\"https:\\\/\\\/nostringsorchestra.cz\\\/#organization\"},\"potentialAction\":[{\"@type\":\"SearchAction\",\"target\":{\"@type\":\"EntryPoint\",\"urlTemplate\":\"https:\\\/\\\/nostringsorchestra.cz\\\/?s={search_term_string}\"},\"query-input\":{\"@type\":\"PropertyValueSpecification\",\"valueRequired\":true,\"valueName\":\"search_term_string\"}}],\"inLanguage\":\"en-GB\"},{\"@type\":\"Organization\",\"@id\":\"https:\\\/\\\/nostringsorchestra.cz\\\/#organization\",\"name\":\"No Strings Orchestra\",\"url\":\"https:\\\/\\\/nostringsorchestra.cz\\\/\",\"logo\":{\"@type\":\"ImageObject\",\"inLanguage\":\"en-GB\",\"@id\":\"https:\\\/\\\/nostringsorchestra.cz\\\/#\\\/schema\\\/logo\\\/image\\\/\",\"url\":\"https:\\\/\\\/nostringsorchestra.cz\\\/content\\\/uploads\\\/media\\\/nso_logo.jpg\",\"contentUrl\":\"https:\\\/\\\/nostringsorchestra.cz\\\/content\\\/uploads\\\/media\\\/nso_logo.jpg\",\"width\":1080,\"height\":1080,\"caption\":\"No Strings Orchestra\"},\"image\":{\"@id\":\"https:\\\/\\\/nostringsorchestra.cz\\\/#\\\/schema\\\/logo\\\/image\\\/\"},\"sameAs\":[\"https:\\\/\\\/www.facebook.com\\\/nostringsorchestra\",\"https:\\\/\\\/www.instagram.com\\\/nostringsorchestra\",\"https:\\\/\\\/www.youtube.com\\\/channel\\\/UCJLCy9n3PdVI9jwgJK2CmjA\\\/\"]}]}<\/script>\n<!-- \/ Yoast SEO plugin. -->","yoast_head_json":{"title":"Akce &#8211; No Strings Orchestra","description":"Rozvrh v\u0161ech pl\u00e1novan\u00fdch akc\u00ed orchestru No Strings Orchestra! Prohl\u00e9dni si rozvrh v\u0161ech pl\u00e1novan\u00fdch akc\u00ed a zapi\u0161 si je do kalend\u00e1\u0159e.","robots":{"index":"index","follow":"follow","max-snippet":"max-snippet:-1","max-image-preview":"max-image-preview:large","max-video-preview":"max-video-preview:-1"},"canonical":"https:\/\/nostringsorchestra.cz\/en\/akce\/","og_locale":"en_GB","og_type":"article","og_title":"Akce &#8211; No Strings Orchestra","og_description":"Rozvrh v\u0161ech pl\u00e1novan\u00fdch akc\u00ed orchestru No Strings Orchestra! Prohl\u00e9dni si rozvrh v\u0161ech pl\u00e1novan\u00fdch akc\u00ed a zapi\u0161 si je do kalend\u00e1\u0159e.","og_url":"https:\/\/nostringsorchestra.cz\/en\/akce\/","og_site_name":"No Strings Orchestra","article_publisher":"https:\/\/www.facebook.com\/nostringsorchestra","article_modified_time":"2025-03-31T16:17:57+00:00","og_image":[{"width":1750,"height":1167,"url":"https:\/\/nostringsorchestra.cz\/content\/uploads\/media\/nso_mestske_slavnosti.jpg","type":"image\/jpeg"}],"twitter_card":"summary_large_image","twitter_misc":{"Estimated reading time":"1 minute"},"schema":{"@context":"https:\/\/schema.org","@graph":[{"@type":"WebPage","@id":"https:\/\/nostringsorchestra.cz\/akce\/","url":"https:\/\/nostringsorchestra.cz\/akce\/","name":"Akce &#8211; No Strings Orchestra","isPartOf":{"@id":"https:\/\/nostringsorchestra.cz\/#website"},"primaryImageOfPage":{"@id":"https:\/\/nostringsorchestra.cz\/akce\/#primaryimage"},"image":{"@id":"https:\/\/nostringsorchestra.cz\/akce\/#primaryimage"},"thumbnailUrl":"https:\/\/nostringsorchestra.cz\/content\/uploads\/media\/nso_mestske_slavnosti.jpg","datePublished":"2020-09-07T19:10:41+00:00","dateModified":"2025-03-31T16:17:57+00:00","description":"Rozvrh v\u0161ech pl\u00e1novan\u00fdch akc\u00ed orchestru No Strings Orchestra! Prohl\u00e9dni si rozvrh v\u0161ech pl\u00e1novan\u00fdch akc\u00ed a zapi\u0161 si je do kalend\u00e1\u0159e.","breadcrumb":{"@id":"https:\/\/nostringsorchestra.cz\/akce\/#breadcrumb"},"inLanguage":"en-GB","potentialAction":[{"@type":"ReadAction","target":["https:\/\/nostringsorchestra.cz\/akce\/"]}]},{"@type":"ImageObject","inLanguage":"en-GB","@id":"https:\/\/nostringsorchestra.cz\/akce\/#primaryimage","url":"https:\/\/nostringsorchestra.cz\/content\/uploads\/media\/nso_mestske_slavnosti.jpg","contentUrl":"https:\/\/nostringsorchestra.cz\/content\/uploads\/media\/nso_mestske_slavnosti.jpg","width":1750,"height":1167,"caption":"Dechov\u00fd orchestr vystupuj\u00edc\u00ed na M\u011bstsk\u00fdch slavnostech v Pardubic\u00edch dne 13. 10. 2019."},{"@type":"BreadcrumbList","@id":"https:\/\/nostringsorchestra.cz\/akce\/#breadcrumb","itemListElement":[{"@type":"ListItem","position":1,"name":"Dom\u016f","item":"https:\/\/nostringsorchestra.cz\/"},{"@type":"ListItem","position":2,"name":"Akce"}]},{"@type":"WebSite","@id":"https:\/\/nostringsorchestra.cz\/#website","url":"https:\/\/nostringsorchestra.cz\/","name":"No Strings Orchestra","description":"pardubick\u00fd NeSmy\u010dcov\u00fd Orchestr","publisher":{"@id":"https:\/\/nostringsorchestra.cz\/#organization"},"potentialAction":[{"@type":"SearchAction","target":{"@type":"EntryPoint","urlTemplate":"https:\/\/nostringsorchestra.cz\/?s={search_term_string}"},"query-input":{"@type":"PropertyValueSpecification","valueRequired":true,"valueName":"search_term_string"}}],"inLanguage":"en-GB"},{"@type":"Organization","@id":"https:\/\/nostringsorchestra.cz\/#organization","name":"No Strings Orchestra","url":"https:\/\/nostringsorchestra.cz\/","logo":{"@type":"ImageObject","inLanguage":"en-GB","@id":"https:\/\/nostringsorchestra.cz\/#\/schema\/logo\/image\/","url":"https:\/\/nostringsorchestra.cz\/content\/uploads\/media\/nso_logo.jpg","contentUrl":"https:\/\/nostringsorchestra.cz\/content\/uploads\/media\/nso_logo.jpg","width":1080,"height":1080,"caption":"No Strings Orchestra"},"image":{"@id":"https:\/\/nostringsorchestra.cz\/#\/schema\/logo\/image\/"},"sameAs":["https:\/\/www.facebook.com\/nostringsorchestra","https:\/\/www.instagram.com\/nostringsorchestra","https:\/\/www.youtube.com\/channel\/UCJLCy9n3PdVI9jwgJK2CmjA\/"]}]}},"_links":{"self":[{"href":"https:\/\/nostringsorchestra.cz\/en\/wp-json\/wp\/v2\/pages\/2553","targetHints":{"allow":["GET"]}}],"collection":[{"href":"https:\/\/nostringsorchestra.cz\/en\/wp-json\/wp\/v2\/pages"}],"about":[{"href":"https:\/\/nostringsorchestra.cz\/en\/wp-json\/wp\/v2\/types\/page"}],"author":[{"embeddable":true,"href":"https:\/\/nostringsorchestra.cz\/en\/wp-json\/wp\/v2\/users\/2"}],"replies":[{"embeddable":true,"href":"https:\/\/nostringsorchestra.cz\/en\/wp-json\/wp\/v2\/comments?post=2553"}],"version-history":[{"count":51,"href":"https:\/\/nostringsorchestra.cz\/en\/wp-json\/wp\/v2\/pages\/2553\/revisions"}],"predecessor-version":[{"id":4606,"href":"https:\/\/nostringsorchestra.cz\/en\/wp-json\/wp\/v2\/pages\/2553\/revisions\/4606"}],"wp:featuredmedia":[{"embeddable":true,"href":"https:\/\/nostringsorchestra.cz\/en\/wp-json\/wp\/v2\/media\/2774"}],"wp:attachment":[{"href":"https:\/\/nostringsorchestra.cz\/en\/wp-json\/wp\/v2\/media?parent=2553"}],"curies":[{"name":"wp","href":"https:\/\/api.w.org\/{rel}","templated":true}]}}