{"id":368,"date":"2020-08-21T16:33:30","date_gmt":"2020-08-21T14:33:30","guid":{"rendered":"https:\/\/nostringsorchestra.cz\/?page_id=368"},"modified":"2025-10-21T23:50:30","modified_gmt":"2025-10-21T21:50:30","slug":"repertoar","status":"publish","type":"page","link":"https:\/\/nostringsorchestra.cz\/en\/repertoar\/","title":{"rendered":"Repertoire"},"content":{"rendered":"<h3 class=\"wp-block-heading has-text-align-center has-black-color has-text-color\">\ud83c\udfac <strong>Film score <\/strong>\ud83c\udfa5<\/h3>\n\n\n\n<h4 class=\"wp-block-heading has-text-align-center has-black-color has-text-color\">John Williams<br>Ennio Morricone<br>Phil Collins<br>Avengers<br>Forrest Gump<br>Pirates of the Caribbean<br>Game Of Thrones<br>Mission: Impossible<br>The Incredibles<br>The Simpsons<br>Aladdin<br>Avatar<\/h4>\n\n\n\n<h3 class=\"wp-block-heading has-text-align-center has-black-color has-text-color\">\ud83d\udc69\u200d\ud83c\udfa4 <strong>Musical music <\/strong>\ud83d\udc68\u200d\ud83c\udfa4<\/h3>\n\n\n\n<h4 class=\"wp-block-heading has-text-align-center has-black-color has-text-color\">The Greatest Showman<br>La La Land<br>West Side Story<br>Les Mis\u00e9rables<br>The Phantom of the Opera<br>Evita<br>Hair<\/h4>\n\n\n\n<h3 class=\"wp-block-heading has-text-align-center has-black-color has-text-color\">\ud83c\udfb8 <strong>Pop music <\/strong>\ud83c\udfa4<\/h3>\n\n\n\n<h4 class=\"wp-block-heading has-text-align-center has-black-color has-text-color\">Bon Jovi<br>Juanes<br>Santana<br>Adele<br>ABBA<br>Queen<br>Jennifer Lopez<br>Michael Jackson<br>Frank Sinatra<br>Stevie Wonder<br>Red Hot Chili Peppers<\/h4>\n\n\n\n<h3 class=\"wp-block-heading has-text-align-center has-black-color has-text-color\">\ud83c\udfbc <strong>Orchestral compositions <\/strong>\ud83c\udfb6<\/h3>\n\n\n\n<h4 class=\"wp-block-heading has-text-align-center has-black-color has-text-color\">Kees Vlak<br>Markus G\u00f6tz<br>Thiemo Kraas<br>Michael Oare<br>Ev\u017een Z\u00e1me\u010dn\u00edk<br>Anton\u00edn Dvo\u0159\u00e1k<br>Jarom\u00edr Vejvoda<br>Bed\u0159ich Smetana<br>Pavel Stan\u011bk<\/h4>\n\n\n\n<h3 class=\"wp-block-heading has-text-align-center has-black-color has-text-color\">\ud83e\udd41 <strong>\u0160l\u00e1gr TV \ud83c\udfba<\/strong><\/h3>\n\n\n\n<h4 class=\"wp-block-heading has-text-align-center has-black-color has-text-color\">Jarom\u00edr Vejvoda<br>Franti\u0161ek Kmoch<br>Franti\u0161ek Ma\u0148as<br>Emil \u0160tolc<br>Franti\u0161ek Zita<br>Karel Vacek<\/h4>","protected":false},"excerpt":{"rendered":"<p>\ud83c\udfac Filmov\u00e1 hudba \ud83c\udfa5 John WilliamsEnnio MorriconePhil CollinsAvengersForrest GumpPirates of the CaribbeanGame Of ThronesMission: ImpossibleThe IncrediblesThe SimpsonsAladdinAvatar \ud83d\udc69\u200d\ud83c\udfa4 Muzik\u00e1lov\u00e1 hudba \ud83d\udc68\u200d\ud83c\udfa4 The Greatest ShowmanLa La LandWest Side StoryLes Mis\u00e9rablesThe Phantom of the OperaEvitaHair \ud83c\udfb8 Popul\u00e1rn\u00ed hudba \ud83c\udfa4 Bon JoviJuanesSantanaAdeleABBAQueenJennifer LopezMichael JacksonFrank SinatraStevie WonderRed Hot Chili Peppers \ud83c\udfbc Orchestr\u00e1ln\u00ed tvorba \ud83c\udfb6 Kees VlakMarkus G\u00f6tzThiemo KraasMichael OareEv\u017een&hellip; <br \/> <a class=\"read-more\" href=\"https:\/\/nostringsorchestra.cz\/en\/repertoar\/\">Read more<\/a><\/p>","protected":false},"author":1,"featured_media":2774,"parent":0,"menu_order":0,"comment_status":"closed","ping_status":"closed","template":"","meta":{"footnotes":""},"class_list":["post-368","page","type-page","status-publish","has-post-thumbnail","hentry"],"yoast_head":"<!-- This site is optimized with the Yoast SEO plugin v27.3 - https:\/\/yoast.com\/product\/yoast-seo-wordpress\/ -->\n<title>Reperto\u00e1r &#8211; No Strings Orchestra<\/title>\n<meta name=\"description\" content=\"Omrkni co hrajeme za reperto\u00e1r, abys m\u011bl p\u0159edstavu co od No Strings Orchestra m\u016f\u017ee\u0161 \u010dekat. P\u0159ij\u010f si u\u017e\u00edt nezapomenuteln\u00fd hudebn\u00ed z\u00e1\u017eitek!\" \/>\n<meta name=\"robots\" content=\"index, follow, max-snippet:-1, max-image-preview:large, max-video-preview:-1\" \/>\n<link rel=\"canonical\" href=\"https:\/\/nostringsorchestra.cz\/en\/repertoar\/\" \/>\n<meta property=\"og:locale\" content=\"en_GB\" \/>\n<meta property=\"og:type\" content=\"article\" \/>\n<meta property=\"og:title\" content=\"Reperto\u00e1r &#8211; No Strings Orchestra\" \/>\n<meta property=\"og:description\" content=\"Omrkni co hrajeme za reperto\u00e1r, abys m\u011bl p\u0159edstavu co od No Strings Orchestra m\u016f\u017ee\u0161 \u010dekat. P\u0159ij\u010f si u\u017e\u00edt nezapomenuteln\u00fd hudebn\u00ed z\u00e1\u017eitek!\" \/>\n<meta property=\"og:url\" content=\"https:\/\/nostringsorchestra.cz\/en\/repertoar\/\" \/>\n<meta property=\"og:site_name\" content=\"No Strings Orchestra\" \/>\n<meta property=\"article:publisher\" content=\"https:\/\/www.facebook.com\/nostringsorchestra\" \/>\n<meta property=\"article:modified_time\" content=\"2025-10-21T21:50:30+00:00\" \/>\n<meta property=\"og:image\" content=\"https:\/\/nostringsorchestra.cz\/content\/uploads\/media\/nso_mestske_slavnosti.jpg\" \/>\n\t<meta property=\"og:image:width\" content=\"1750\" \/>\n\t<meta property=\"og:image:height\" content=\"1167\" \/>\n\t<meta property=\"og:image:type\" content=\"image\/jpeg\" \/>\n<meta name=\"twitter:card\" content=\"summary_large_image\" \/>\n<meta name=\"twitter:label1\" content=\"Estimated reading time\" \/>\n\t<meta name=\"twitter:data1\" content=\"1 minute\" \/>\n<script type=\"application\/ld+json\" class=\"yoast-schema-graph\">{\"@context\":\"https:\\\/\\\/schema.org\",\"@graph\":[{\"@type\":\"WebPage\",\"@id\":\"https:\\\/\\\/nostringsorchestra.cz\\\/repertoar\\\/\",\"url\":\"https:\\\/\\\/nostringsorchestra.cz\\\/repertoar\\\/\",\"name\":\"Reperto\u00e1r &#8211; No Strings Orchestra\",\"isPartOf\":{\"@id\":\"https:\\\/\\\/nostringsorchestra.cz\\\/#website\"},\"primaryImageOfPage\":{\"@id\":\"https:\\\/\\\/nostringsorchestra.cz\\\/repertoar\\\/#primaryimage\"},\"image\":{\"@id\":\"https:\\\/\\\/nostringsorchestra.cz\\\/repertoar\\\/#primaryimage\"},\"thumbnailUrl\":\"https:\\\/\\\/nostringsorchestra.cz\\\/content\\\/uploads\\\/media\\\/nso_mestske_slavnosti.jpg\",\"datePublished\":\"2020-08-21T14:33:30+00:00\",\"dateModified\":\"2025-10-21T21:50:30+00:00\",\"description\":\"Omrkni co hrajeme za reperto\u00e1r, abys m\u011bl p\u0159edstavu co od No Strings Orchestra m\u016f\u017ee\u0161 \u010dekat. P\u0159ij\u010f si u\u017e\u00edt nezapomenuteln\u00fd hudebn\u00ed z\u00e1\u017eitek!\",\"breadcrumb\":{\"@id\":\"https:\\\/\\\/nostringsorchestra.cz\\\/repertoar\\\/#breadcrumb\"},\"inLanguage\":\"en-GB\",\"potentialAction\":[{\"@type\":\"ReadAction\",\"target\":[\"https:\\\/\\\/nostringsorchestra.cz\\\/repertoar\\\/\"]}]},{\"@type\":\"ImageObject\",\"inLanguage\":\"en-GB\",\"@id\":\"https:\\\/\\\/nostringsorchestra.cz\\\/repertoar\\\/#primaryimage\",\"url\":\"https:\\\/\\\/nostringsorchestra.cz\\\/content\\\/uploads\\\/media\\\/nso_mestske_slavnosti.jpg\",\"contentUrl\":\"https:\\\/\\\/nostringsorchestra.cz\\\/content\\\/uploads\\\/media\\\/nso_mestske_slavnosti.jpg\",\"width\":1750,\"height\":1167,\"caption\":\"Dechov\u00fd orchestr vystupuj\u00edc\u00ed na M\u011bstsk\u00fdch slavnostech v Pardubic\u00edch dne 13. 10. 2019.\"},{\"@type\":\"BreadcrumbList\",\"@id\":\"https:\\\/\\\/nostringsorchestra.cz\\\/repertoar\\\/#breadcrumb\",\"itemListElement\":[{\"@type\":\"ListItem\",\"position\":1,\"name\":\"Dom\u016f\",\"item\":\"https:\\\/\\\/nostringsorchestra.cz\\\/\"},{\"@type\":\"ListItem\",\"position\":2,\"name\":\"Reperto\u00e1r\"}]},{\"@type\":\"WebSite\",\"@id\":\"https:\\\/\\\/nostringsorchestra.cz\\\/#website\",\"url\":\"https:\\\/\\\/nostringsorchestra.cz\\\/\",\"name\":\"No Strings Orchestra\",\"description\":\"pardubick\u00fd NeSmy\u010dcov\u00fd Orchestr\",\"publisher\":{\"@id\":\"https:\\\/\\\/nostringsorchestra.cz\\\/#organization\"},\"potentialAction\":[{\"@type\":\"SearchAction\",\"target\":{\"@type\":\"EntryPoint\",\"urlTemplate\":\"https:\\\/\\\/nostringsorchestra.cz\\\/?s={search_term_string}\"},\"query-input\":{\"@type\":\"PropertyValueSpecification\",\"valueRequired\":true,\"valueName\":\"search_term_string\"}}],\"inLanguage\":\"en-GB\"},{\"@type\":\"Organization\",\"@id\":\"https:\\\/\\\/nostringsorchestra.cz\\\/#organization\",\"name\":\"No Strings Orchestra\",\"url\":\"https:\\\/\\\/nostringsorchestra.cz\\\/\",\"logo\":{\"@type\":\"ImageObject\",\"inLanguage\":\"en-GB\",\"@id\":\"https:\\\/\\\/nostringsorchestra.cz\\\/#\\\/schema\\\/logo\\\/image\\\/\",\"url\":\"https:\\\/\\\/nostringsorchestra.cz\\\/content\\\/uploads\\\/media\\\/nso_logo.jpg\",\"contentUrl\":\"https:\\\/\\\/nostringsorchestra.cz\\\/content\\\/uploads\\\/media\\\/nso_logo.jpg\",\"width\":1080,\"height\":1080,\"caption\":\"No Strings Orchestra\"},\"image\":{\"@id\":\"https:\\\/\\\/nostringsorchestra.cz\\\/#\\\/schema\\\/logo\\\/image\\\/\"},\"sameAs\":[\"https:\\\/\\\/www.facebook.com\\\/nostringsorchestra\",\"https:\\\/\\\/www.instagram.com\\\/nostringsorchestra\",\"https:\\\/\\\/www.youtube.com\\\/channel\\\/UCJLCy9n3PdVI9jwgJK2CmjA\\\/\"]}]}<\/script>\n<!-- \/ Yoast SEO plugin. -->","yoast_head_json":{"title":"Reperto\u00e1r &#8211; No Strings Orchestra","description":"Omrkni co hrajeme za reperto\u00e1r, abys m\u011bl p\u0159edstavu co od No Strings Orchestra m\u016f\u017ee\u0161 \u010dekat. P\u0159ij\u010f si u\u017e\u00edt nezapomenuteln\u00fd hudebn\u00ed z\u00e1\u017eitek!","robots":{"index":"index","follow":"follow","max-snippet":"max-snippet:-1","max-image-preview":"max-image-preview:large","max-video-preview":"max-video-preview:-1"},"canonical":"https:\/\/nostringsorchestra.cz\/en\/repertoar\/","og_locale":"en_GB","og_type":"article","og_title":"Reperto\u00e1r &#8211; No Strings Orchestra","og_description":"Omrkni co hrajeme za reperto\u00e1r, abys m\u011bl p\u0159edstavu co od No Strings Orchestra m\u016f\u017ee\u0161 \u010dekat. P\u0159ij\u010f si u\u017e\u00edt nezapomenuteln\u00fd hudebn\u00ed z\u00e1\u017eitek!","og_url":"https:\/\/nostringsorchestra.cz\/en\/repertoar\/","og_site_name":"No Strings Orchestra","article_publisher":"https:\/\/www.facebook.com\/nostringsorchestra","article_modified_time":"2025-10-21T21:50:30+00:00","og_image":[{"width":1750,"height":1167,"url":"https:\/\/nostringsorchestra.cz\/content\/uploads\/media\/nso_mestske_slavnosti.jpg","type":"image\/jpeg"}],"twitter_card":"summary_large_image","twitter_misc":{"Estimated reading time":"1 minute"},"schema":{"@context":"https:\/\/schema.org","@graph":[{"@type":"WebPage","@id":"https:\/\/nostringsorchestra.cz\/repertoar\/","url":"https:\/\/nostringsorchestra.cz\/repertoar\/","name":"Reperto\u00e1r &#8211; No Strings Orchestra","isPartOf":{"@id":"https:\/\/nostringsorchestra.cz\/#website"},"primaryImageOfPage":{"@id":"https:\/\/nostringsorchestra.cz\/repertoar\/#primaryimage"},"image":{"@id":"https:\/\/nostringsorchestra.cz\/repertoar\/#primaryimage"},"thumbnailUrl":"https:\/\/nostringsorchestra.cz\/content\/uploads\/media\/nso_mestske_slavnosti.jpg","datePublished":"2020-08-21T14:33:30+00:00","dateModified":"2025-10-21T21:50:30+00:00","description":"Omrkni co hrajeme za reperto\u00e1r, abys m\u011bl p\u0159edstavu co od No Strings Orchestra m\u016f\u017ee\u0161 \u010dekat. P\u0159ij\u010f si u\u017e\u00edt nezapomenuteln\u00fd hudebn\u00ed z\u00e1\u017eitek!","breadcrumb":{"@id":"https:\/\/nostringsorchestra.cz\/repertoar\/#breadcrumb"},"inLanguage":"en-GB","potentialAction":[{"@type":"ReadAction","target":["https:\/\/nostringsorchestra.cz\/repertoar\/"]}]},{"@type":"ImageObject","inLanguage":"en-GB","@id":"https:\/\/nostringsorchestra.cz\/repertoar\/#primaryimage","url":"https:\/\/nostringsorchestra.cz\/content\/uploads\/media\/nso_mestske_slavnosti.jpg","contentUrl":"https:\/\/nostringsorchestra.cz\/content\/uploads\/media\/nso_mestske_slavnosti.jpg","width":1750,"height":1167,"caption":"Dechov\u00fd orchestr vystupuj\u00edc\u00ed na M\u011bstsk\u00fdch slavnostech v Pardubic\u00edch dne 13. 10. 2019."},{"@type":"BreadcrumbList","@id":"https:\/\/nostringsorchestra.cz\/repertoar\/#breadcrumb","itemListElement":[{"@type":"ListItem","position":1,"name":"Dom\u016f","item":"https:\/\/nostringsorchestra.cz\/"},{"@type":"ListItem","position":2,"name":"Reperto\u00e1r"}]},{"@type":"WebSite","@id":"https:\/\/nostringsorchestra.cz\/#website","url":"https:\/\/nostringsorchestra.cz\/","name":"No Strings Orchestra","description":"pardubick\u00fd NeSmy\u010dcov\u00fd Orchestr","publisher":{"@id":"https:\/\/nostringsorchestra.cz\/#organization"},"potentialAction":[{"@type":"SearchAction","target":{"@type":"EntryPoint","urlTemplate":"https:\/\/nostringsorchestra.cz\/?s={search_term_string}"},"query-input":{"@type":"PropertyValueSpecification","valueRequired":true,"valueName":"search_term_string"}}],"inLanguage":"en-GB"},{"@type":"Organization","@id":"https:\/\/nostringsorchestra.cz\/#organization","name":"No Strings Orchestra","url":"https:\/\/nostringsorchestra.cz\/","logo":{"@type":"ImageObject","inLanguage":"en-GB","@id":"https:\/\/nostringsorchestra.cz\/#\/schema\/logo\/image\/","url":"https:\/\/nostringsorchestra.cz\/content\/uploads\/media\/nso_logo.jpg","contentUrl":"https:\/\/nostringsorchestra.cz\/content\/uploads\/media\/nso_logo.jpg","width":1080,"height":1080,"caption":"No Strings Orchestra"},"image":{"@id":"https:\/\/nostringsorchestra.cz\/#\/schema\/logo\/image\/"},"sameAs":["https:\/\/www.facebook.com\/nostringsorchestra","https:\/\/www.instagram.com\/nostringsorchestra","https:\/\/www.youtube.com\/channel\/UCJLCy9n3PdVI9jwgJK2CmjA\/"]}]}},"_links":{"self":[{"href":"https:\/\/nostringsorchestra.cz\/en\/wp-json\/wp\/v2\/pages\/368","targetHints":{"allow":["GET"]}}],"collection":[{"href":"https:\/\/nostringsorchestra.cz\/en\/wp-json\/wp\/v2\/pages"}],"about":[{"href":"https:\/\/nostringsorchestra.cz\/en\/wp-json\/wp\/v2\/types\/page"}],"author":[{"embeddable":true,"href":"https:\/\/nostringsorchestra.cz\/en\/wp-json\/wp\/v2\/users\/1"}],"replies":[{"embeddable":true,"href":"https:\/\/nostringsorchestra.cz\/en\/wp-json\/wp\/v2\/comments?post=368"}],"version-history":[{"count":94,"href":"https:\/\/nostringsorchestra.cz\/en\/wp-json\/wp\/v2\/pages\/368\/revisions"}],"predecessor-version":[{"id":5373,"href":"https:\/\/nostringsorchestra.cz\/en\/wp-json\/wp\/v2\/pages\/368\/revisions\/5373"}],"wp:featuredmedia":[{"embeddable":true,"href":"https:\/\/nostringsorchestra.cz\/en\/wp-json\/wp\/v2\/media\/2774"}],"wp:attachment":[{"href":"https:\/\/nostringsorchestra.cz\/en\/wp-json\/wp\/v2\/media?parent=368"}],"curies":[{"name":"wp","href":"https:\/\/api.w.org\/{rel}","templated":true}]}}